{"id":94,"date":"2021-01-03T16:09:42","date_gmt":"2021-01-03T16:09:42","guid":{"rendered":"http:\/\/www.lbox.dk\/?page_id=94"},"modified":"2022-02-05T10:51:40","modified_gmt":"2022-02-05T10:51:40","slug":"disclamer","status":"publish","type":"page","link":"https:\/\/www.lbox.dk\/index.php\/disclamer\/","title":{"rendered":"Me"},"content":{"rendered":"\n<h3 class=\"wp-block-heading\" id=\"hvem-er-jeg\">Hvem er jeg :<\/h3>\n\n\n\n<p>Jeg er far til en dreng p\u00e5 9 og datter p\u00e5 6 i skrivende stund, (da jeg oprettet denne side), min faglige baggrund for at lave denne side er at jeg har de sidste 20 \u00e5r arbejdet med IT-Drift i dansk erhvervsliv og derfor syndes at det er sjov at kigge ind i den IT-Verden som findes i forbindelse med Online Spil og da det helt naturligt er del af min families hverdag.<br>Jeg kan findes via linkedin <a rel=\"noreferrer noopener\" href=\"https:\/\/www.linkedin.com\/in\/lwhdk\" target=\"_blank\">her<\/a>: <\/p>\n\n\n\n<h3 class=\"wp-block-heading\" id=\"disclamer\">Disclamer<\/h3>\n\n\n\n<p>Denne side er lavet ud fra egne erfaringer og udfra hvad jeg ved omkring nyt\u00e5ret 2021, men internettet bev\u00e6ger sig hurtigt, s\u00e5 om kort tid kan alt dette v\u00e6re for\u00e6ldet..<\/p>\n\n\n\n<p>Man skal altid som for\u00e6ldre s\u00e6tte sig inde i de online verdner som sine b\u00f8rn befinder sig i.<br>Der er godt ting ved at v\u00e6re online sammen, men der er ogs\u00e5 negative ting og findes personer p\u00e5 nette der desv\u00e6rre ikke har real&#8217;e gode hensigter.<\/p>\n\n\n\n<p>Links&#8217;ne og minecraft server jeg har med p\u00e5 mine sider er steder jeg har oplevet er ok. milj\u00f8er, men det kan \u00e6ndre sig og nogle gang hurtigt, s\u00e5 dan venligst jeres eget billed af hvad som er ok. for jeres b\u00f8rn og f\u00f8lg med i hvad som sker.<\/p>\n\n\n\n<p>Jeg t\u00e6nker at en smut forbi <a rel=\"noreferrer noopener\" href=\"https:\/\/redbarnet.dk\/foraeldre\/din-digitale-vejviser\/\" target=\"_blank\">RedBarnets side<\/a> &#8220;Din digitale vejviser&#8221; m\u00e5ske ogs\u00e5 kan give lidt tanker om b\u00f8rns online live, inder\u00f8mmer gerne jeg har ikke l\u00e6st denne fra ende til anden.<\/p>\n\n\n\n<h3 class=\"wp-block-heading\" id=\"lbox-dk\">lbox.dk ??<\/h3>\n\n\n\n<p>Hvorfor domainet lbox.dk ?<br>Det korte svar, Domainet har jeg ejet i l\u00e6ngere tid, godtnok med tankerne om noget &#8220;Linux&#8221;Box hostning, men da jeg pludselige stod og skulle bruge et domaine til at hoste MineCrafts Server, p\u00e5 linux til mine unger, var det i min optik, det rigtige tidspukt at tage domainet i brug &#8211; s\u00e5dan til et ikke kommercielt brug.<\/p>\n","protected":false},"excerpt":{"rendered":"<p>Hvem er jeg : Jeg er far til en dreng p\u00e5 9 og datter p\u00e5 6 i skrivende stund, (da jeg oprettet denne side), min faglige baggrund for at lave denne side er at jeg har de sidste 20 \u00e5r arbejdet med IT-Drift i dansk erhvervsliv og derfor syndes at det er sjov at kigge &hellip; <\/p>\n<p class=\"link-more\"><a href=\"https:\/\/www.lbox.dk\/index.php\/disclamer\/\" class=\"more-link\">Continue reading<span class=\"screen-reader-text\"> &#8220;Me&#8221;<\/span><\/a><\/p>\n","protected":false},"author":1,"featured_media":0,"parent":0,"menu_order":0,"comment_status":"closed","ping_status":"closed","template":"","meta":{"footnotes":""},"class_list":["post-94","page","type-page","status-publish","hentry","entry"],"_links":{"self":[{"href":"https:\/\/www.lbox.dk\/index.php\/wp-json\/wp\/v2\/pages\/94","targetHints":{"allow":["GET"]}}],"collection":[{"href":"https:\/\/www.lbox.dk\/index.php\/wp-json\/wp\/v2\/pages"}],"about":[{"href":"https:\/\/www.lbox.dk\/index.php\/wp-json\/wp\/v2\/types\/page"}],"author":[{"embeddable":true,"href":"https:\/\/www.lbox.dk\/index.php\/wp-json\/wp\/v2\/users\/1"}],"replies":[{"embeddable":true,"href":"https:\/\/www.lbox.dk\/index.php\/wp-json\/wp\/v2\/comments?post=94"}],"version-history":[{"count":17,"href":"https:\/\/www.lbox.dk\/index.php\/wp-json\/wp\/v2\/pages\/94\/revisions"}],"predecessor-version":[{"id":275,"href":"https:\/\/www.lbox.dk\/index.php\/wp-json\/wp\/v2\/pages\/94\/revisions\/275"}],"wp:attachment":[{"href":"https:\/\/www.lbox.dk\/index.php\/wp-json\/wp\/v2\/media?parent=94"}],"curies":[{"name":"wp","href":"https:\/\/api.w.org\/{rel}","templated":true}]}}