{"id":66,"date":"2021-01-03T15:00:16","date_gmt":"2021-01-03T15:00:16","guid":{"rendered":"http:\/\/www.lbox.dk\/?page_id=66"},"modified":"2021-01-06T15:24:42","modified_gmt":"2021-01-06T15:24:42","slug":"discord","status":"publish","type":"page","link":"https:\/\/www.lbox.dk\/index.php\/discord\/","title":{"rendered":"Discord"},"content":{"rendered":"\n<h4 class=\"wp-block-heading\">Hvorfor Discord<\/h4>\n\n\n\n<p>I bund og grund kunne man v\u00e6lge s\u00e5meget andet, men grundet til jeg finder Discord som en brugebar pladform, er at det virker p\u00e5 alle typer devices, dvs. uanset om man spiller p\u00e5 en androide eller apple device, eller en b\u00e6rbar \/ station\u00e6r pc med windows, MacOs eller linux. Alle kan v\u00e6re med og ingen er excluderet fra kunne snakke sammen og deltage socialt, grundet det forg\u00e5et et sted som kr\u00e6ver noget specifikt hardware.<\/p>\n\n\n\n<p>Discord hentes <a href=\"https:\/\/discord.com\/\">h<\/a><a rel=\"noreferrer noopener\" href=\"https:\/\/discord.com\/\" target=\"_blank\">er:<\/a><\/p>\n\n\n\n<p>Discord benyttes bredt blandt mange Esports foreninger, herunder ogs\u00e5 Esportsligaen.dk &#8211; I Discord termer er det &#8220;Server&#8221; man bliver inviteret ind p\u00e5, eller melder sig ind p\u00e5, alt efter hvor offentlig disse er.<\/p>\n\n\n\n<figure class=\"wp-block-image size-large is-resized\"><img loading=\"lazy\" decoding=\"async\" src=\"https:\/\/www.lbox.dk\/wp-content\/uploads\/2021\/01\/Discord-esport-1024x490.png\" alt=\"\" class=\"wp-image-176\" width=\"768\" height=\"368\" srcset=\"https:\/\/www.lbox.dk\/wp-content\/uploads\/2021\/01\/Discord-esport-1024x490.png 1024w, https:\/\/www.lbox.dk\/wp-content\/uploads\/2021\/01\/Discord-esport-300x143.png 300w, https:\/\/www.lbox.dk\/wp-content\/uploads\/2021\/01\/Discord-esport-768x367.png 768w, https:\/\/www.lbox.dk\/wp-content\/uploads\/2021\/01\/Discord-esport.png 1188w\" sizes=\"auto, (max-width: 768px) 100vw, 768px\" \/><\/figure>\n\n\n\n<p>Som altid b\u00f8r man som for\u00e6ldre lige kigge programmet igennem og forholde sig til privat livs indstillinger, alt efter hvorgamle de som benytter discord er, kan man skrue p\u00e5 hvem som m\u00e5 kontakt dem p\u00e5 denne pladform.<br>En af de godt ting er at man kan skrue h\u00e5rd p\u00e5 hvem det kan forbinde til en.<\/p>\n\n\n\n<figure class=\"wp-block-image size-large is-resized\"><img loading=\"lazy\" decoding=\"async\" src=\"https:\/\/www.lbox.dk\/wp-content\/uploads\/2021\/01\/Discord-privacy.png\" alt=\"\" class=\"wp-image-175\" width=\"524\" height=\"558\" srcset=\"https:\/\/www.lbox.dk\/wp-content\/uploads\/2021\/01\/Discord-privacy.png 698w, https:\/\/www.lbox.dk\/wp-content\/uploads\/2021\/01\/Discord-privacy-281x300.png 281w\" sizes=\"auto, (max-width: 524px) 100vw, 524px\" \/><\/figure>\n\n\n\n<p>Og Ja. discord kan godt k\u00f8re dansk, det er blot manden som laver disse screenshoots, der fortr\u00e6kker en engelsk computer.<\/p>\n\n\n\n<figure class=\"wp-block-image size-large is-resized\"><img loading=\"lazy\" decoding=\"async\" src=\"https:\/\/www.lbox.dk\/wp-content\/uploads\/2021\/01\/Discord-sprog.png\" alt=\"\" class=\"wp-image-178\" width=\"710\" height=\"536\" srcset=\"https:\/\/www.lbox.dk\/wp-content\/uploads\/2021\/01\/Discord-sprog.png 947w, https:\/\/www.lbox.dk\/wp-content\/uploads\/2021\/01\/Discord-sprog-300x226.png 300w, https:\/\/www.lbox.dk\/wp-content\/uploads\/2021\/01\/Discord-sprog-768x579.png 768w\" sizes=\"auto, (max-width: 710px) 100vw, 710px\" \/><\/figure>\n\n\n\n<p><\/p>\n","protected":false},"excerpt":{"rendered":"<p>Hvorfor Discord I bund og grund kunne man v\u00e6lge s\u00e5meget andet, men grundet til jeg finder Discord som en brugebar pladform, er at det virker p\u00e5 alle typer devices, dvs. uanset om man spiller p\u00e5 en androide eller apple device, eller en b\u00e6rbar \/ station\u00e6r pc med windows, MacOs eller linux. Alle kan v\u00e6re med &hellip; <\/p>\n<p class=\"link-more\"><a href=\"https:\/\/www.lbox.dk\/index.php\/discord\/\" class=\"more-link\">Continue reading<span class=\"screen-reader-text\"> &#8220;Discord&#8221;<\/span><\/a><\/p>\n","protected":false},"author":1,"featured_media":0,"parent":0,"menu_order":0,"comment_status":"closed","ping_status":"closed","template":"","meta":{"footnotes":""},"class_list":["post-66","page","type-page","status-publish","hentry","entry"],"_links":{"self":[{"href":"https:\/\/www.lbox.dk\/index.php\/wp-json\/wp\/v2\/pages\/66","targetHints":{"allow":["GET"]}}],"collection":[{"href":"https:\/\/www.lbox.dk\/index.php\/wp-json\/wp\/v2\/pages"}],"about":[{"href":"https:\/\/www.lbox.dk\/index.php\/wp-json\/wp\/v2\/types\/page"}],"author":[{"embeddable":true,"href":"https:\/\/www.lbox.dk\/index.php\/wp-json\/wp\/v2\/users\/1"}],"replies":[{"embeddable":true,"href":"https:\/\/www.lbox.dk\/index.php\/wp-json\/wp\/v2\/comments?post=66"}],"version-history":[{"count":5,"href":"https:\/\/www.lbox.dk\/index.php\/wp-json\/wp\/v2\/pages\/66\/revisions"}],"predecessor-version":[{"id":180,"href":"https:\/\/www.lbox.dk\/index.php\/wp-json\/wp\/v2\/pages\/66\/revisions\/180"}],"wp:attachment":[{"href":"https:\/\/www.lbox.dk\/index.php\/wp-json\/wp\/v2\/media?parent=66"}],"curies":[{"name":"wp","href":"https:\/\/api.w.org\/{rel}","templated":true}]}}