{"id":63,"date":"2021-01-03T14:58:28","date_gmt":"2021-01-03T14:58:28","guid":{"rendered":"http:\/\/www.lbox.dk\/?page_id=63"},"modified":"2021-01-04T20:00:55","modified_gmt":"2021-01-04T20:00:55","slug":"connect-to-java-server","status":"publish","type":"page","link":"https:\/\/www.lbox.dk\/index.php\/connect-to-java-server\/","title":{"rendered":"Connect to Java Server"},"content":{"rendered":"\n<p>At starte og forbinde til en minecraft server er i grundet ikke s\u00e6rligt sv\u00e6rt, s\u00e5fremt at blot skal p\u00e5 den nyeste version.<br>Klik p\u00e5 multiplayer<\/p>\n\n\n\n<figure class=\"wp-block-image size-large\"><img loading=\"lazy\" decoding=\"async\" width=\"861\" height=\"517\" src=\"https:\/\/www.lbox.dk\/wp-content\/uploads\/2021\/01\/java-multi.png\" alt=\"\" class=\"wp-image-131\" srcset=\"https:\/\/www.lbox.dk\/wp-content\/uploads\/2021\/01\/java-multi.png 861w, https:\/\/www.lbox.dk\/wp-content\/uploads\/2021\/01\/java-multi-300x180.png 300w, https:\/\/www.lbox.dk\/wp-content\/uploads\/2021\/01\/java-multi-768x461.png 768w\" sizes=\"auto, (max-width: 861px) 100vw, 861px\" \/><\/figure>\n\n\n\n<p>Godkendt at microsoft fraskriver sig ansvaret, ved at s\u00e6tte checkmark og klikke p\u00e5 Proceed.<\/p>\n\n\n\n<figure class=\"wp-block-image size-large\"><img loading=\"lazy\" decoding=\"async\" width=\"863\" height=\"520\" src=\"https:\/\/www.lbox.dk\/wp-content\/uploads\/2021\/01\/java-multi-1.png\" alt=\"\" class=\"wp-image-132\" srcset=\"https:\/\/www.lbox.dk\/wp-content\/uploads\/2021\/01\/java-multi-1.png 863w, https:\/\/www.lbox.dk\/wp-content\/uploads\/2021\/01\/java-multi-1-300x181.png 300w, https:\/\/www.lbox.dk\/wp-content\/uploads\/2021\/01\/java-multi-1-768x463.png 768w\" sizes=\"auto, (max-width: 863px) 100vw, 863px\" \/><\/figure>\n\n\n\n<p>Normal vil man her se en tom list uden nogle server, men klikker man p\u00e5 &#8220;Add server&#8221; kommer man til server tilf\u00f8jelse dialogen.<\/p>\n\n\n\n<figure class=\"wp-block-image size-large\"><img loading=\"lazy\" decoding=\"async\" width=\"864\" height=\"678\" src=\"https:\/\/www.lbox.dk\/wp-content\/uploads\/2021\/01\/java-multi-2.png\" alt=\"\" class=\"wp-image-133\" srcset=\"https:\/\/www.lbox.dk\/wp-content\/uploads\/2021\/01\/java-multi-2.png 864w, https:\/\/www.lbox.dk\/wp-content\/uploads\/2021\/01\/java-multi-2-300x235.png 300w, https:\/\/www.lbox.dk\/wp-content\/uploads\/2021\/01\/java-multi-2-768x603.png 768w\" sizes=\"auto, (max-width: 864px) 100vw, 864px\" \/><\/figure>\n\n\n\n<p>angiv den server man \u00f8nsker at forbinde til, i dette tilf\u00e6lde er det <a rel=\"noreferrer noopener\" href=\"https:\/\/hypixel.net\/\" target=\"_blank\">hypixet.net<\/a> og angiv de information som findes p\u00e5 deres hjemmeside, klik p\u00e5 Done<\/p>\n\n\n\n<figure class=\"wp-block-image size-large\"><img loading=\"lazy\" decoding=\"async\" width=\"862\" height=\"674\" src=\"https:\/\/www.lbox.dk\/wp-content\/uploads\/2021\/01\/java-multi-3.png\" alt=\"\" class=\"wp-image-134\" srcset=\"https:\/\/www.lbox.dk\/wp-content\/uploads\/2021\/01\/java-multi-3.png 862w, https:\/\/www.lbox.dk\/wp-content\/uploads\/2021\/01\/java-multi-3-300x235.png 300w, https:\/\/www.lbox.dk\/wp-content\/uploads\/2021\/01\/java-multi-3-768x601.png 768w\" sizes=\"auto, (max-width: 862px) 100vw, 862px\" \/><\/figure>\n\n\n\n<p>Herefter skal man ofte klikek p\u00e5 Refresh, hvorefter HyPixel serveren kommer frin frem i menuen.<\/p>\n\n\n\n<figure class=\"wp-block-image size-large\"><img loading=\"lazy\" decoding=\"async\" width=\"863\" height=\"677\" src=\"https:\/\/www.lbox.dk\/wp-content\/uploads\/2021\/01\/highpixel-1.png\" alt=\"\" class=\"wp-image-136\" srcset=\"https:\/\/www.lbox.dk\/wp-content\/uploads\/2021\/01\/highpixel-1.png 863w, https:\/\/www.lbox.dk\/wp-content\/uploads\/2021\/01\/highpixel-1-300x235.png 300w, https:\/\/www.lbox.dk\/wp-content\/uploads\/2021\/01\/highpixel-1-768x602.png 768w\" sizes=\"auto, (max-width: 863px) 100vw, 863px\" \/><\/figure>\n\n\n\n<p>Mine egne server vil server addressen oftes v\u00e6re mc.lbox.dk:900 alts\u00e5 en dnsaddresse:portnummer.<\/p>\n","protected":false},"excerpt":{"rendered":"<p>At starte og forbinde til en minecraft server er i grundet ikke s\u00e6rligt sv\u00e6rt, s\u00e5fremt at blot skal p\u00e5 den nyeste version.Klik p\u00e5 multiplayer Godkendt at microsoft fraskriver sig ansvaret, ved at s\u00e6tte checkmark og klikke p\u00e5 Proceed. Normal vil man her se en tom list uden nogle server, men klikker man p\u00e5 &#8220;Add server&#8221; &hellip; <\/p>\n<p class=\"link-more\"><a href=\"https:\/\/www.lbox.dk\/index.php\/connect-to-java-server\/\" class=\"more-link\">Continue reading<span class=\"screen-reader-text\"> &#8220;Connect to Java Server&#8221;<\/span><\/a><\/p>\n","protected":false},"author":1,"featured_media":0,"parent":0,"menu_order":0,"comment_status":"closed","ping_status":"closed","template":"","meta":{"footnotes":""},"class_list":["post-63","page","type-page","status-publish","hentry","entry"],"_links":{"self":[{"href":"https:\/\/www.lbox.dk\/index.php\/wp-json\/wp\/v2\/pages\/63","targetHints":{"allow":["GET"]}}],"collection":[{"href":"https:\/\/www.lbox.dk\/index.php\/wp-json\/wp\/v2\/pages"}],"about":[{"href":"https:\/\/www.lbox.dk\/index.php\/wp-json\/wp\/v2\/types\/page"}],"author":[{"embeddable":true,"href":"https:\/\/www.lbox.dk\/index.php\/wp-json\/wp\/v2\/users\/1"}],"replies":[{"embeddable":true,"href":"https:\/\/www.lbox.dk\/index.php\/wp-json\/wp\/v2\/comments?post=63"}],"version-history":[{"count":3,"href":"https:\/\/www.lbox.dk\/index.php\/wp-json\/wp\/v2\/pages\/63\/revisions"}],"predecessor-version":[{"id":157,"href":"https:\/\/www.lbox.dk\/index.php\/wp-json\/wp\/v2\/pages\/63\/revisions\/157"}],"wp:attachment":[{"href":"https:\/\/www.lbox.dk\/index.php\/wp-json\/wp\/v2\/media?parent=63"}],"curies":[{"name":"wp","href":"https:\/\/api.w.org\/{rel}","templated":true}]}}