{"id":60,"date":"2021-01-03T14:57:05","date_gmt":"2021-01-03T14:57:05","guid":{"rendered":"http:\/\/www.lbox.dk\/?page_id=60"},"modified":"2021-01-15T09:38:51","modified_gmt":"2021-01-15T09:38:51","slug":"connect-to-pe-server","status":"publish","type":"page","link":"https:\/\/www.lbox.dk\/index.php\/connect-to-pe-server\/","title":{"rendered":"Xbox Live Konto"},"content":{"rendered":"\n<p>Som det er ligenu, kan man ikke komme uden om at forbinde Minecraft PE til en Xbox live konto, f\u00f8r man kan forbinde til en ekstern Minecraft server. Dvs. hvis man nu n\u00f8rder rigtigt meget s\u00e5 kan man sikkert godt finde en omvej, da jeg ved det tidligere har v\u00e6ret muligt, men det er sikkert liges\u00e5 besv\u00e6rlig som at oprette en xbox live konto, hvilket realt set er en Microsoft Konto, som s\u00e5 senere kan genbruges hvis personen ogs\u00e5 vil spille minecraft p\u00e5 en pc (java versionen). En s\u00e5dan konto kan ogs\u00e5 s\u00e6ttes op i et &#8220;for\u00e6ldre-barn&#8221; ops\u00e6tning, hvor man som for\u00e6ldre kan styre profilen, det er en hel historie for sig selv.<\/p>\n\n\n\n<p>Under xbox live skal man tillade at kontoen m\u00e5 forbinde til multiplayer server.<\/p>\n\n\n\n<figure class=\"wp-block-image size-large is-resized\"><img loading=\"lazy\" decoding=\"async\" src=\"https:\/\/www.lbox.dk\/wp-content\/uploads\/2021\/01\/image-12.png\" alt=\"\" class=\"wp-image-239\" width=\"498\" height=\"697\" srcset=\"https:\/\/www.lbox.dk\/wp-content\/uploads\/2021\/01\/image-12.png 664w, https:\/\/www.lbox.dk\/wp-content\/uploads\/2021\/01\/image-12-214x300.png 214w\" sizes=\"auto, (max-width: 498px) 100vw, 498px\" \/><\/figure>\n\n\n\n<p>Xbox live kontien, kan nemt tilf\u00f8jes inden fra menuen profiles under Settings p\u00e5 start sk\u00e6rmen, jeg har oplevet at det var n\u00f8dvendig at log ud og inde igen, efter en bruger har f\u00e5et lov til at spille multiplayer.<\/p>\n\n\n\n<figure class=\"wp-block-image size-large is-resized\"><img loading=\"lazy\" decoding=\"async\" src=\"http:\/\/www.lbox.dk\/wp-content\/uploads\/2021\/01\/20210103_152037000_iOS-1024x768.png\" alt=\"Profile Menu efter tilf\u00f8jelse af Microsoft xbox live konto\" class=\"wp-image-73\" width=\"768\" height=\"576\" srcset=\"https:\/\/www.lbox.dk\/wp-content\/uploads\/2021\/01\/20210103_152037000_iOS-1024x768.png 1024w, https:\/\/www.lbox.dk\/wp-content\/uploads\/2021\/01\/20210103_152037000_iOS-300x225.png 300w, https:\/\/www.lbox.dk\/wp-content\/uploads\/2021\/01\/20210103_152037000_iOS-768x576.png 768w, https:\/\/www.lbox.dk\/wp-content\/uploads\/2021\/01\/20210103_152037000_iOS-1536x1152.png 1536w, https:\/\/www.lbox.dk\/wp-content\/uploads\/2021\/01\/20210103_152037000_iOS-1568x1176.png 1568w, https:\/\/www.lbox.dk\/wp-content\/uploads\/2021\/01\/20210103_152037000_iOS.png 2048w\" sizes=\"auto, (max-width: 768px) 100vw, 768px\" \/><\/figure>\n\n\n\n<p>Man skal v\u00e6re opm\u00e6rksom p\u00e5 at xbox live kontoen ogs\u00e5 \u00e5bner for at man kan tilg\u00e5 de indbygget server som standard kommer frem.<\/p>\n","protected":false},"excerpt":{"rendered":"<p>Som det er ligenu, kan man ikke komme uden om at forbinde Minecraft PE til en Xbox live konto, f\u00f8r man kan forbinde til en ekstern Minecraft server. Dvs. hvis man nu n\u00f8rder rigtigt meget s\u00e5 kan man sikkert godt finde en omvej, da jeg ved det tidligere har v\u00e6ret muligt, men det er sikkert &hellip; <\/p>\n<p class=\"link-more\"><a href=\"https:\/\/www.lbox.dk\/index.php\/connect-to-pe-server\/\" class=\"more-link\">Continue reading<span class=\"screen-reader-text\"> &#8220;Xbox Live Konto&#8221;<\/span><\/a><\/p>\n","protected":false},"author":1,"featured_media":0,"parent":0,"menu_order":0,"comment_status":"closed","ping_status":"closed","template":"","meta":{"footnotes":""},"class_list":["post-60","page","type-page","status-publish","hentry","entry"],"_links":{"self":[{"href":"https:\/\/www.lbox.dk\/index.php\/wp-json\/wp\/v2\/pages\/60","targetHints":{"allow":["GET"]}}],"collection":[{"href":"https:\/\/www.lbox.dk\/index.php\/wp-json\/wp\/v2\/pages"}],"about":[{"href":"https:\/\/www.lbox.dk\/index.php\/wp-json\/wp\/v2\/types\/page"}],"author":[{"embeddable":true,"href":"https:\/\/www.lbox.dk\/index.php\/wp-json\/wp\/v2\/users\/1"}],"replies":[{"embeddable":true,"href":"https:\/\/www.lbox.dk\/index.php\/wp-json\/wp\/v2\/comments?post=60"}],"version-history":[{"count":7,"href":"https:\/\/www.lbox.dk\/index.php\/wp-json\/wp\/v2\/pages\/60\/revisions"}],"predecessor-version":[{"id":241,"href":"https:\/\/www.lbox.dk\/index.php\/wp-json\/wp\/v2\/pages\/60\/revisions\/241"}],"wp:attachment":[{"href":"https:\/\/www.lbox.dk\/index.php\/wp-json\/wp\/v2\/media?parent=60"}],"curies":[{"name":"wp","href":"https:\/\/api.w.org\/{rel}","templated":true}]}}