{"id":56,"date":"2021-01-03T14:53:57","date_gmt":"2021-01-03T14:53:57","guid":{"rendered":"http:\/\/www.lbox.dk\/?page_id=56"},"modified":"2021-01-10T06:49:21","modified_gmt":"2021-01-10T06:49:21","slug":"minecraft-java","status":"publish","type":"page","link":"https:\/\/www.lbox.dk\/index.php\/minecraft-java\/","title":{"rendered":"MineCraft Java"},"content":{"rendered":"\n<p>MineCraft Java, er en narturlig fors\u00e6ttelse for n\u00e5r Tablet og Minecraft PE ikke l\u00e6ngere er nok.<br>\u00c5rsagen til at jeg kalder det minecraft java, er at det faktisk at alle mulige kodesprog er lavet i java.<\/p>\n\n\n\n<p>Mere om Minecraft kan l\u00e6ses her : <a href=\"https:\/\/da.wikipedia.org\/wiki\/Minecraft\">Minecraft &#8211; Wikipedia, den frie encyklop\u00e6di<\/a><\/p>\n\n\n\n<p>MineCraft Java kan hentes her: <a href=\"https:\/\/www.minecraft.net\/en-us\/download\">Already Own Minecraft? Download It Again | Minecraft<\/a><br>Der er bestemt ikke et kr\u00e6vende spil, og kan fint k\u00f8re p\u00e5 en \u00e6ldre Computer med f.eks en I3 CPU, og ofte kan k\u00f8bes brugt ved forhandler af &#8220;brugt&#8221; erhvervs hardware til 1500 kr. + Skr\u00e6m, f.eks. min datter benytter ligenu en 8 \u00e5r gammel Lenovo Erhvers pc, med indbygget grafik kort og en I3 CPU som k\u00f8re windows 10.<br>Installationen af MineCraft har en embedded version af Java i maven af sig, s\u00e5 det er ikke n\u00f8dvendigt at selv installer Oracle Java p\u00e5 en computer for at f\u00e5 det til at virke.<\/p>\n\n\n\n<p>Vil man tilgeng\u00e6ld gerne lege lidt med Minecraft mods og Forge, kan det g\u00f8re livet lettere, hvis der er Oracle Java p\u00e5 computeren, da man s\u00e5 blot kan k\u00f8re deres &#8220;jar&#8221; installer for at f\u00e5 Forge installeret.<\/p>\n","protected":false},"excerpt":{"rendered":"<p>MineCraft Java, er en narturlig fors\u00e6ttelse for n\u00e5r Tablet og Minecraft PE ikke l\u00e6ngere er nok.\u00c5rsagen til at jeg kalder det minecraft java, er at det faktisk at alle mulige kodesprog er lavet i java. Mere om Minecraft kan l\u00e6ses her : Minecraft &#8211; Wikipedia, den frie encyklop\u00e6di MineCraft Java kan hentes her: Already Own &hellip; <\/p>\n<p class=\"link-more\"><a href=\"https:\/\/www.lbox.dk\/index.php\/minecraft-java\/\" class=\"more-link\">Continue reading<span class=\"screen-reader-text\"> &#8220;MineCraft Java&#8221;<\/span><\/a><\/p>\n","protected":false},"author":1,"featured_media":0,"parent":0,"menu_order":0,"comment_status":"closed","ping_status":"closed","template":"","meta":{"footnotes":""},"class_list":["post-56","page","type-page","status-publish","hentry","entry"],"_links":{"self":[{"href":"https:\/\/www.lbox.dk\/index.php\/wp-json\/wp\/v2\/pages\/56","targetHints":{"allow":["GET"]}}],"collection":[{"href":"https:\/\/www.lbox.dk\/index.php\/wp-json\/wp\/v2\/pages"}],"about":[{"href":"https:\/\/www.lbox.dk\/index.php\/wp-json\/wp\/v2\/types\/page"}],"author":[{"embeddable":true,"href":"https:\/\/www.lbox.dk\/index.php\/wp-json\/wp\/v2\/users\/1"}],"replies":[{"embeddable":true,"href":"https:\/\/www.lbox.dk\/index.php\/wp-json\/wp\/v2\/comments?post=56"}],"version-history":[{"count":6,"href":"https:\/\/www.lbox.dk\/index.php\/wp-json\/wp\/v2\/pages\/56\/revisions"}],"predecessor-version":[{"id":204,"href":"https:\/\/www.lbox.dk\/index.php\/wp-json\/wp\/v2\/pages\/56\/revisions\/204"}],"wp:attachment":[{"href":"https:\/\/www.lbox.dk\/index.php\/wp-json\/wp\/v2\/media?parent=56"}],"curies":[{"name":"wp","href":"https:\/\/api.w.org\/{rel}","templated":true}]}}