{"id":5,"date":"2021-01-03T12:27:17","date_gmt":"2021-01-03T12:27:17","guid":{"rendered":"http:\/\/www.lbox.dk\/?page_id=5"},"modified":"2021-01-15T06:23:14","modified_gmt":"2021-01-15T06:23:14","slug":"create-your-website-with-blocks","status":"publish","type":"page","link":"https:\/\/www.lbox.dk\/","title":{"rendered":"Lbox.dk"},"content":{"rendered":"\n<h2 class=\"wp-block-heading\">Hvorfor denne side ?<\/h2>\n\n\n\n<p>Ligenu sidder en del voksne (start januar 2021) og skal have <s>2<\/s> uger ( <s>og efter sendeste \u00e6ndring den 5.1.2021 sikkert flere uger<\/s> ) med b\u00f8rn hjemsendt under Covid-19 aktiveret, samtidig med de selv skal levere et stykke arbejde, dette er selv sagt en udfordring.<br>Edit: det blev s\u00e5 \u00e6ndret igen til 7 Februar 2021&#8230;.<br>Dertil er der en del b\u00f8rn rundt omkring som er ved at savne deres kammerater, da det efterh\u00e5nden er 3 uger siden juleferie startede, s\u00e5 hvorfor ikke lad dem m\u00f8des til en gang virtuel byggeklods samarbejde.<br>Siden er tilt\u00e6nkt som hj\u00e6lpendeh\u00e5nd til de for\u00e6ldre som sidder rundt omkring, med at f\u00e5 b\u00f8rnene ind igang med Minecraft og f\u00e5 dem forbundet til sine venner.<\/p>\n\n\n\n<div class=\"wp-block-columns alignwide are-vertically-aligned-center is-style-twentytwentyone-columns-overlap is-layout-flex wp-container-core-columns-is-layout-9d6595d7 wp-block-columns-is-layout-flex\">\n<div class=\"wp-block-column is-vertically-aligned-center is-layout-flow wp-block-column-is-layout-flow\">\n<h2 class=\"wp-block-heading\">MineCraft Pe<\/h2>\n\n\n\n<p>MineCraft PockedEdition, er minecraft versionen som k\u00f8re p\u00e5 mobile enheder, dvs. Tables (Ipads) og telefoner.<\/p>\n\n\n\n<p>MineCraft til tables kan hentes af enhedernes appstore og licenserne koster lidt forskelligt, men min erfaring er at de f\u00e5 kroner det koster, bestemt kommer hjem igen, via mange timers god digital byggeri.<br>Androide <a rel=\"noreferrer noopener\" href=\"https:\/\/play.google.com\/store\/apps\/details?id=com.mojang.minecraftpe&amp;hl=da&amp;gl=US\" target=\"_blank\">her<\/a>:<br>Apple IOS <a rel=\"noreferrer noopener\" href=\"https:\/\/apps.apple.com\/us\/app\/minecraft\/id479516143\" target=\"_blank\">her<\/a>: ( koster ca. 70 kr. )<br>Winodws Appstore <a rel=\"noreferrer noopener\" href=\"https:\/\/www.microsoft.com\/en-us\/p\/minecraft-for-windows-10\/9nblggh2jhxj\" target=\"_blank\">her<\/a>: (ca. 215 kr)<\/p>\n<\/div>\n\n\n\n<div class=\"wp-block-column is-vertically-aligned-center is-layout-flow wp-block-column-is-layout-flow\">\n<h2 class=\"wp-block-heading\">MineCraft Java<\/h2>\n\n\n\n<p>Java version af MineCraft er den orginale, som k\u00f8re p\u00e5 alle typer Computer, dvs. Linux, MacOS og naturligvis windows.<\/p>\n\n\n\n<p>Ligenu koster en licens 180 kr. og k\u00f8bes <a rel=\"noreferrer noopener\" href=\"https:\/\/www.minecraft.net\/\" target=\"_blank\">her<\/a>:<\/p>\n\n\n\n<p>Som udgangspunkt virker java minecraft p\u00e5 selv gamle pc&#8217;er, s\u00e5langtid de forsat kan opdateres af leverand\u00f8ren.<\/p>\n<\/div>\n<\/div>\n\n\n\n<div class=\"wp-block-columns alignwide are-vertically-aligned-top is-layout-flex wp-container-core-columns-is-layout-9d6595d7 wp-block-columns-is-layout-flex\">\n<div class=\"wp-block-column is-layout-flow wp-block-column-is-layout-flow\">\n<figure class=\"wp-block-image size-large\"><img loading=\"lazy\" decoding=\"async\" width=\"1024\" height=\"673\" src=\"http:\/\/www.lbox.dk\/wp-content\/uploads\/2021\/01\/pe1-2-1024x673.png\" alt=\"\" class=\"wp-image-34\" srcset=\"https:\/\/www.lbox.dk\/wp-content\/uploads\/2021\/01\/pe1-2-1024x673.png 1024w, https:\/\/www.lbox.dk\/wp-content\/uploads\/2021\/01\/pe1-2-300x197.png 300w, https:\/\/www.lbox.dk\/wp-content\/uploads\/2021\/01\/pe1-2-768x504.png 768w, https:\/\/www.lbox.dk\/wp-content\/uploads\/2021\/01\/pe1-2-1536x1009.png 1536w, https:\/\/www.lbox.dk\/wp-content\/uploads\/2021\/01\/pe1-2-1568x1030.png 1568w, https:\/\/www.lbox.dk\/wp-content\/uploads\/2021\/01\/pe1-2.png 1993w\" sizes=\"auto, (max-width: 1024px) 100vw, 1024px\" \/><\/figure>\n<\/div>\n\n\n\n<div class=\"wp-block-column is-layout-flow wp-block-column-is-layout-flow\">\n<figure class=\"wp-block-image size-large\"><img loading=\"lazy\" decoding=\"async\" width=\"1024\" height=\"658\" src=\"http:\/\/www.lbox.dk\/wp-content\/uploads\/2021\/01\/java-start-1024x658.png\" alt=\"\" class=\"wp-image-31\" srcset=\"https:\/\/www.lbox.dk\/wp-content\/uploads\/2021\/01\/java-start-1024x658.png 1024w, https:\/\/www.lbox.dk\/wp-content\/uploads\/2021\/01\/java-start-300x193.png 300w, https:\/\/www.lbox.dk\/wp-content\/uploads\/2021\/01\/java-start-768x493.png 768w, https:\/\/www.lbox.dk\/wp-content\/uploads\/2021\/01\/java-start.png 1115w\" sizes=\"auto, (max-width: 1024px) 100vw, 1024px\" \/><\/figure>\n<\/div>\n<\/div>\n\n\n\n<p><\/p>\n","protected":false},"excerpt":{"rendered":"<p>Hvorfor denne side ? Ligenu sidder en del voksne (start januar 2021) og skal have 2 uger ( og efter sendeste \u00e6ndring den 5.1.2021 sikkert flere uger ) med b\u00f8rn hjemsendt under Covid-19 aktiveret, samtidig med de selv skal levere et stykke arbejde, dette er selv sagt en udfordring.Edit: det blev s\u00e5 \u00e6ndret igen til &hellip; <\/p>\n<p class=\"link-more\"><a href=\"https:\/\/www.lbox.dk\/\" class=\"more-link\">Continue reading<span class=\"screen-reader-text\"> &#8220;Lbox.dk&#8221;<\/span><\/a><\/p>\n","protected":false},"author":1,"featured_media":0,"parent":0,"menu_order":0,"comment_status":"closed","ping_status":"closed","template":"","meta":{"footnotes":""},"class_list":["post-5","page","type-page","status-publish","hentry","entry"],"_links":{"self":[{"href":"https:\/\/www.lbox.dk\/index.php\/wp-json\/wp\/v2\/pages\/5","targetHints":{"allow":["GET"]}}],"collection":[{"href":"https:\/\/www.lbox.dk\/index.php\/wp-json\/wp\/v2\/pages"}],"about":[{"href":"https:\/\/www.lbox.dk\/index.php\/wp-json\/wp\/v2\/types\/page"}],"author":[{"embeddable":true,"href":"https:\/\/www.lbox.dk\/index.php\/wp-json\/wp\/v2\/users\/1"}],"replies":[{"embeddable":true,"href":"https:\/\/www.lbox.dk\/index.php\/wp-json\/wp\/v2\/comments?post=5"}],"version-history":[{"count":18,"href":"https:\/\/www.lbox.dk\/index.php\/wp-json\/wp\/v2\/pages\/5\/revisions"}],"predecessor-version":[{"id":233,"href":"https:\/\/www.lbox.dk\/index.php\/wp-json\/wp\/v2\/pages\/5\/revisions\/233"}],"wp:attachment":[{"href":"https:\/\/www.lbox.dk\/index.php\/wp-json\/wp\/v2\/media?parent=5"}],"curies":[{"name":"wp","href":"https:\/\/api.w.org\/{rel}","templated":true}]}}