{"id":38,"date":"2021-01-03T13:08:22","date_gmt":"2021-01-03T13:08:22","guid":{"rendered":"http:\/\/www.lbox.dk\/?page_id=38"},"modified":"2021-01-03T16:31:38","modified_gmt":"2021-01-03T16:31:38","slug":"voice","status":"publish","type":"page","link":"https:\/\/www.lbox.dk\/index.php\/voice\/","title":{"rendered":"Voice"},"content":{"rendered":"\n<p>Sammen og hver-for-sig.<\/p>\n\n\n\n<p>At spille sammen er klar sjovere end at side selv og spille, derfor er der behov for at kunne snakke sammen.<br>Der er efteh\u00e5nden mange voice pladformen, den \u00e6ldste og mest klassike er at b\u00f8rnen har fri telefoni og blot ringer sammen. &#8211; Det kan blive dyrt og jeg vil ikke anbefale det, alternativ vil jeg anbefale at kigge p\u00e5 nogle af nedest\u00e5ende gratis \/ delvis gratis muligheder.<\/p>\n\n\n\n<p>FaceTime : En forholdvis sikker pladform at slippe de yngste afsted p\u00e5, men kr\u00e6ver at alle har apple enheder, dertil har jeg oplevet af multi person facetime ikke altid spille s\u00e6rligt godt, men det er dejligt simpelt for de yngste.<\/p>\n\n\n\n<p>Skype : Er den store globale spille, der har v\u00e6ret aktiv i mange \u00e5r, personligt har vi benyttet det i huset, men efterh\u00e5nden er vi bev\u00e6get os v\u00e6k, da de vi kommuinker med er p\u00e5 andre pladforme.<\/p>\n\n\n\n<p>Discord : Discord er en blanding mellem voice og forum software, det er meget brugt bland spillere, det gode er at discord klienten b\u00e5de findes til mobile enheder og til computer.<\/p>\n\n\n\n<p>Teams : Teams findes i en gratis nedskalleret version, s\u00e5langtid microsoft for sat levere dette er bestemt en mulighed.<\/p>\n\n\n\n<p>Zoom : Har ikke personlig kendskab<\/p>\n\n\n\n<p>Google meet : Har ikke personlig kendskab.<\/p>\n\n\n\n<h2 class=\"wp-block-heading\">Etik ?<\/h2>\n\n\n\n<p>Det kan v\u00e6re sv\u00e6rt at snakke sammen, og hvad g\u00f8r man n\u00e5r sine 2 gode vender ringer p\u00e5 sammentid ?  &#8211; b\u00f8rn kan stilles i mange dilemaer som det knap nok kan h\u00e5ndter i en skoleg\u00e5rd, det samme g\u00e6lder n\u00e5r de er online, derfor er det i min optik vigtigt at man har et halvt \u00f8re med for at h\u00f8re at alt forg\u00e5r p\u00e5 en fornuftig m\u00e5de.<\/p>\n","protected":false},"excerpt":{"rendered":"<p>Sammen og hver-for-sig. At spille sammen er klar sjovere end at side selv og spille, derfor er der behov for at kunne snakke sammen.Der er efteh\u00e5nden mange voice pladformen, den \u00e6ldste og mest klassike er at b\u00f8rnen har fri telefoni og blot ringer sammen. &#8211; Det kan blive dyrt og jeg vil ikke anbefale det, &hellip; <\/p>\n<p class=\"link-more\"><a href=\"https:\/\/www.lbox.dk\/index.php\/voice\/\" class=\"more-link\">Continue reading<span class=\"screen-reader-text\"> &#8220;Voice&#8221;<\/span><\/a><\/p>\n","protected":false},"author":1,"featured_media":0,"parent":0,"menu_order":0,"comment_status":"closed","ping_status":"closed","template":"","meta":{"footnotes":""},"class_list":["post-38","page","type-page","status-publish","hentry","entry"],"_links":{"self":[{"href":"https:\/\/www.lbox.dk\/index.php\/wp-json\/wp\/v2\/pages\/38","targetHints":{"allow":["GET"]}}],"collection":[{"href":"https:\/\/www.lbox.dk\/index.php\/wp-json\/wp\/v2\/pages"}],"about":[{"href":"https:\/\/www.lbox.dk\/index.php\/wp-json\/wp\/v2\/types\/page"}],"author":[{"embeddable":true,"href":"https:\/\/www.lbox.dk\/index.php\/wp-json\/wp\/v2\/users\/1"}],"replies":[{"embeddable":true,"href":"https:\/\/www.lbox.dk\/index.php\/wp-json\/wp\/v2\/comments?post=38"}],"version-history":[{"count":8,"href":"https:\/\/www.lbox.dk\/index.php\/wp-json\/wp\/v2\/pages\/38\/revisions"}],"predecessor-version":[{"id":108,"href":"https:\/\/www.lbox.dk\/index.php\/wp-json\/wp\/v2\/pages\/38\/revisions\/108"}],"wp:attachment":[{"href":"https:\/\/www.lbox.dk\/index.php\/wp-json\/wp\/v2\/media?parent=38"}],"curies":[{"name":"wp","href":"https:\/\/api.w.org\/{rel}","templated":true}]}}