{"id":36,"date":"2021-01-03T13:05:52","date_gmt":"2021-01-03T13:05:52","guid":{"rendered":"http:\/\/www.lbox.dk\/?page_id=36"},"modified":"2021-01-03T14:47:59","modified_gmt":"2021-01-03T14:47:59","slug":"minecraft-server","status":"publish","type":"page","link":"https:\/\/www.lbox.dk\/index.php\/minecraft-server\/","title":{"rendered":"MineCraft Server"},"content":{"rendered":"\n<p>Minecraft server mulig\u00f8r at man kan sidde derhjemme og spille samme, minecraft pe kan naturligvis ikke koble sig p\u00e5 en minecraft java server og modsat.<\/p>\n\n\n\n<p>En minecraft server, kan nemt h\u00e5ndteres p\u00e5 en st\u00e6rt alm. computer, blot man har RAM i overskud, ligeledes er det muligt at k\u00f8be sig til en minecraft server, ved en &#8220;professionel&#8221; leverand\u00f8r, disse koster lidt forskelligt alt efter m\u00e6ngde af ram og cpu kraft, hvilket er det 2 ting som prim\u00e6rt definer hvormange personer der samtidig kan v\u00e6re p\u00e5 en server.<\/p>\n\n\n\n<div class=\"wp-block-columns is-layout-flex wp-container-core-columns-is-layout-9d6595d7 wp-block-columns-is-layout-flex\">\n<div class=\"wp-block-column is-layout-flow wp-block-column-is-layout-flow\"><\/div>\n\n\n\n<div class=\"wp-block-column is-layout-flow wp-block-column-is-layout-flow\"><\/div>\n<\/div>\n\n\n\n<p><\/p>\n","protected":false},"excerpt":{"rendered":"<p>Minecraft server mulig\u00f8r at man kan sidde derhjemme og spille samme, minecraft pe kan naturligvis ikke koble sig p\u00e5 en minecraft java server og modsat. En minecraft server, kan nemt h\u00e5ndteres p\u00e5 en st\u00e6rt alm. computer, blot man har RAM i overskud, ligeledes er det muligt at k\u00f8be sig til en minecraft server, ved en &hellip; <\/p>\n<p class=\"link-more\"><a href=\"https:\/\/www.lbox.dk\/index.php\/minecraft-server\/\" class=\"more-link\">Continue reading<span class=\"screen-reader-text\"> &#8220;MineCraft Server&#8221;<\/span><\/a><\/p>\n","protected":false},"author":1,"featured_media":0,"parent":0,"menu_order":0,"comment_status":"closed","ping_status":"closed","template":"","meta":{"footnotes":""},"class_list":["post-36","page","type-page","status-publish","hentry","entry"],"_links":{"self":[{"href":"https:\/\/www.lbox.dk\/index.php\/wp-json\/wp\/v2\/pages\/36","targetHints":{"allow":["GET"]}}],"collection":[{"href":"https:\/\/www.lbox.dk\/index.php\/wp-json\/wp\/v2\/pages"}],"about":[{"href":"https:\/\/www.lbox.dk\/index.php\/wp-json\/wp\/v2\/types\/page"}],"author":[{"embeddable":true,"href":"https:\/\/www.lbox.dk\/index.php\/wp-json\/wp\/v2\/users\/1"}],"replies":[{"embeddable":true,"href":"https:\/\/www.lbox.dk\/index.php\/wp-json\/wp\/v2\/comments?post=36"}],"version-history":[{"count":4,"href":"https:\/\/www.lbox.dk\/index.php\/wp-json\/wp\/v2\/pages\/36\/revisions"}],"predecessor-version":[{"id":52,"href":"https:\/\/www.lbox.dk\/index.php\/wp-json\/wp\/v2\/pages\/36\/revisions\/52"}],"wp:attachment":[{"href":"https:\/\/www.lbox.dk\/index.php\/wp-json\/wp\/v2\/media?parent=36"}],"curies":[{"name":"wp","href":"https:\/\/api.w.org\/{rel}","templated":true}]}}