{"id":287,"date":"2025-07-29T18:11:15","date_gmt":"2025-07-29T18:11:15","guid":{"rendered":"https:\/\/www.lbox.dk\/?page_id=287"},"modified":"2025-07-29T18:11:15","modified_gmt":"2025-07-29T18:11:15","slug":"star-stable-aka-sso","status":"publish","type":"page","link":"https:\/\/www.lbox.dk\/index.php\/star-stable-aka-sso\/","title":{"rendered":"Star Stable aka SSO"},"content":{"rendered":"\n<p>Det er efterh\u00e5nden lidt tid siden jeg sidst har opdateret denne side, da vi nu er i sommeren 2025, men siden 2021 er der kommet et nyt spil ind i huset, som prim\u00e6rt nok henvender sig til piger. <a href=\"https:\/\/www.starstable.com\/da\/shop\">Start stable online<\/a><\/p>\n\n\n\n<figure class=\"wp-block-image size-large\"><img loading=\"lazy\" decoding=\"async\" width=\"1024\" height=\"613\" src=\"https:\/\/www.lbox.dk\/wp-content\/uploads\/2025\/07\/image-1024x613.png\" alt=\"\" class=\"wp-image-288\" srcset=\"https:\/\/www.lbox.dk\/wp-content\/uploads\/2025\/07\/image-1024x613.png 1024w, https:\/\/www.lbox.dk\/wp-content\/uploads\/2025\/07\/image-300x179.png 300w, https:\/\/www.lbox.dk\/wp-content\/uploads\/2025\/07\/image-768x459.png 768w, https:\/\/www.lbox.dk\/wp-content\/uploads\/2025\/07\/image.png 1160w\" sizes=\"auto, (max-width: 1024px) 100vw, 1024px\" \/><\/figure>\n\n\n\n<p>Start stable er teknisk set et <strong>MMORPG<\/strong> heste spil, dvs. man lukkes ind i en online heste verden, hvor man skal l\u00f8se opgaver, tr\u00e6ne heste, k\u00f8be udstyr mv. i en eventyrs heste verdenen.<br>Spillet k\u00f8re p\u00e5 dansk, s\u00e5 kan man l\u00e6se eller vil man hj\u00e6lpe sit barn med at l\u00e6se &#8211; er det et fint spil.<\/p>\n\n\n\n<p>Til at starte p\u00e5 er spillet gratis, dvs. man er l\u00e5st ned til en br\u00f8kdel at spillet, dvs. spille omr\u00e5det omkring Moreland og Fort Penta.<br>V\u00e6lger man at k\u00f8be spillet som koster 650 kr ~for at f\u00e5 livstid star rider adgang, \u00e5bner sig set stort spil, hvor der er mange timers spil for barnet.<br>obs. det er ogs\u00e5 mulig at f\u00e5 \u00e5bnet hele spillet (Star rider) for 1 eller 3 m\u00e5neder til er lavere pris end de 650 kr. &#8211; ved at blive star rider f\u00e5r man 100 star coins om ugen og at k\u00f8be en ny\/ekstra hest koster omkring 600 til 950 star coins.<br>Der er ogs\u00e5 muligt at optjene jorvik shillings, som man kan k\u00f8be udstyr for inde i spillet ved at l\u00f8se opgave i spillet, s\u00e5 kan man styre sig selv, kan man tjene jorvik shiliings til ekstra udstyr og spare sine star coins to til at k\u00f8be heste for hver ca.10 uge.<\/p>\n\n\n\n<p>Spillet best\u00e5r af rigtig mange opgaver (mission) som skal udf\u00f8res, det er klassiske tekst som skal l\u00e6ses og derefter udf\u00f8res, s\u00e5 vil man have sit barn til at l\u00e6se, er det altid bedre end ingen ting, for det kan give det form\u00e5l&#8230;&#8230;.<br>Det virker til at danskere lander p\u00e5 servere som prim\u00e6rt h\u00e5ndtere skandinaviske spillere, man har pt 3 server man selv kan v\u00e6lge imellem n\u00e5r spillet startes op i en setting menu.<\/p>\n\n\n\n<p>Omkring start stable er der ogs\u00e5 et community b\u00e5de i spillet via global chat og via &#8220;klubber&#8221; i spillet ( koster 50 star coins at oprette en klub) og nogle af klubberne i spillet har tilh\u00f8rende Discord server, hvor de kan tale sammen, mens de spiller, dertil at der en del piger som ogs\u00e5 laver sm\u00e5 youtube videoer mens de spiller.<\/p>\n\n\n\n<p>Skulle man v\u00e6re k\u00f8rt fast i et opgave &#8211; s\u00e5 pr\u00f8v at s\u00f8g p\u00e5 youtube om der ikke ligger en beskrivelse ( sandsynligvis p\u00e5 engelsk ) enkelte gang have vi oplevet bugs i spillet, dvs. opgaven blev udf\u00f8rt korrekt, men ikke registeret, hvorp\u00e5 at genstart af spillet og gennemf\u00f8rsel af opgave endnu engang, s\u00e5 virkede korrekt.<\/p>\n\n\n\n<p><\/p>\n","protected":false},"excerpt":{"rendered":"<p>Det er efterh\u00e5nden lidt tid siden jeg sidst har opdateret denne side, da vi nu er i sommeren 2025, men siden 2021 er der kommet et nyt spil ind i huset, som prim\u00e6rt nok henvender sig til piger. Start stable online Start stable er teknisk set et MMORPG heste spil, dvs. man lukkes ind i &hellip; <\/p>\n<p class=\"link-more\"><a href=\"https:\/\/www.lbox.dk\/index.php\/star-stable-aka-sso\/\" class=\"more-link\">Continue reading<span class=\"screen-reader-text\"> &#8220;Star Stable aka SSO&#8221;<\/span><\/a><\/p>\n","protected":false},"author":1,"featured_media":0,"parent":0,"menu_order":0,"comment_status":"closed","ping_status":"closed","template":"","meta":{"footnotes":""},"class_list":["post-287","page","type-page","status-publish","hentry","entry"],"_links":{"self":[{"href":"https:\/\/www.lbox.dk\/index.php\/wp-json\/wp\/v2\/pages\/287","targetHints":{"allow":["GET"]}}],"collection":[{"href":"https:\/\/www.lbox.dk\/index.php\/wp-json\/wp\/v2\/pages"}],"about":[{"href":"https:\/\/www.lbox.dk\/index.php\/wp-json\/wp\/v2\/types\/page"}],"author":[{"embeddable":true,"href":"https:\/\/www.lbox.dk\/index.php\/wp-json\/wp\/v2\/users\/1"}],"replies":[{"embeddable":true,"href":"https:\/\/www.lbox.dk\/index.php\/wp-json\/wp\/v2\/comments?post=287"}],"version-history":[{"count":1,"href":"https:\/\/www.lbox.dk\/index.php\/wp-json\/wp\/v2\/pages\/287\/revisions"}],"predecessor-version":[{"id":289,"href":"https:\/\/www.lbox.dk\/index.php\/wp-json\/wp\/v2\/pages\/287\/revisions\/289"}],"wp:attachment":[{"href":"https:\/\/www.lbox.dk\/index.php\/wp-json\/wp\/v2\/media?parent=287"}],"curies":[{"name":"wp","href":"https:\/\/api.w.org\/{rel}","templated":true}]}}