{"id":276,"date":"2022-02-06T09:29:09","date_gmt":"2022-02-06T09:29:09","guid":{"rendered":"https:\/\/www.lbox.dk\/?page_id=276"},"modified":"2022-02-06T12:34:44","modified_gmt":"2022-02-06T12:34:44","slug":"sikker-pa-nettet","status":"publish","type":"page","link":"https:\/\/www.lbox.dk\/index.php\/sikker-pa-nettet\/","title":{"rendered":"Sikker p\u00e5 Nettet."},"content":{"rendered":"\n<p>En ting er Sikker, man kan ikke blive 100% sikker p\u00e5 nettet, selv om der er mange som gerne vil s\u00e6lge at dette er muligt via software, det er min fagliger overbevisning at man som udgangspunkt er usikker p\u00e5 nettet, derfor g\u00f8r jeg heller ikke noget vild fagligt for at sikre mine b\u00f8rn, udover opfordre dem til at komme til mig, n\u00e5r de ser noget de ikke bryder sig om\/ undre sig over.<br>Udfordringen er at jeg godt kan blokkere en &#8220;hjemmeside&#8221; og hjemmeside af en bestemt type, men jeg kan f.eks. ikke styre indholdet af en side mine b\u00f8rn kan tilg\u00e5, s\u00e5 jeg kan f.eks. ikke beskytte imod d\u00e5rligt indhold p\u00e5 Youtube.<\/p>\n\n\n\n<p>Tablet&#8217;s i huset, er f.eks 100% ubeskyttet, dog kender ungerne ikke koden til app-store, s\u00e5dan de ikke selv kan installer og k\u00f8be apps.<\/p>\n\n\n\n<p>Jeg har i en form for kontrol med ungernes pc, da deres bruger er styres via <a rel=\"noreferrer noopener\" href=\"https:\/\/account.microsoft.com\/family\/about\" target=\"_blank\">Microsoft Family Account<\/a>, dvs. min Microsoft konto er en for\u00e6ldre og b\u00f8rne er oprettet som b\u00f8rn, men p\u00e5 de station\u00e6r de benytter til at spille p\u00e5 er de faktisk lokal admin, selvom det er en af min faglige k\u00e6pheste at det skal man ikke v\u00e6re.<\/p>\n\n\n\n<p>Hint, opret f.eks en ekstra &#8220;guest&#8221; bruger i din Microsoft famile, i tilf\u00e6lde af at man har en \u00e6ldre b\u00e6rbar man l\u00e5ner ud, s\u00e5fremt man har lege aftaler, og ops\u00e6t den p\u00e5 samme m\u00e5de.<\/p>\n\n\n\n<p>Hvis man gerne vil g\u00f8re lidt ekstra, b\u00f8r man kigge p\u00e5 DNS bloklister, fra f.eks <a rel=\"noreferrer noopener\" href=\"https:\/\/blog.cloudflare.com\/introducing-1-1-1-1-for-families\/\" target=\"_blank\">Cloudflare <\/a>eller <a rel=\"noreferrer noopener\" href=\"https:\/\/www.opendns.com\/setupguide\/#familyshield\" target=\"_blank\">OpenDNS<\/a>.<br>For at forst\u00e5 disse blocklister, skal man forst\u00e5 at DNS er tilsvarrende Kraks gamle gule telefonb\u00f8ger, dvs. det er den komponent p\u00e5 internettet som g\u00f8r at www.lbox.dk bliver til min webservers IP-addresse, ( alts\u00e5 tilsvarrende at et navn bliver til telefon nummer i telefon bogen)<br>Ved at kunne overstyre hvad DNS ( telefonbogen) svare, og jeg har en ide, hvad de forskellige hjemmeside indeholder, giver det mig en mulighed for at jeg der igennem kan filtere kende hjemmesider, der har Malware(virus) og\/eller adult content ( porno) v\u00e6k.<\/p>\n\n\n\n<p>Hvis man nu ikke \u00f8nsker at dette skal ramme hele sit netv\u00e6rk, kunne man f.eks lave \u00e6ndringen blot p\u00e5 sit g\u00e6ste wifi, s\u00e5fremt man har et s\u00e5dan et, OBS. man skal blot v\u00e6re opm\u00e6rksom p\u00e5 at g\u00e6ste wifi sj\u00e6ldent kan tilg\u00e5 enheder p\u00e5 den interne wifi eller netv\u00e6rk, s\u00e5 forminder man permanent b\u00f8rnes enheder p\u00e5 dette wifi, vil de ikke kunne se Chrome Cast, printer og andet godt p\u00e5 det interne netv\u00e6rk, ofte kan enheder p\u00e5 g\u00e6ste wifi heller ikke se hinanden, dvs. at Minecraft p\u00e5 tables, vil kunne drille.<\/p>\n\n\n\n<p>Har man et N\u00f8rd&#8217;gen kan man kigge engang p\u00e5 opensource projektet <a href=\"https:\/\/pi-hole.net\/\" target=\"_blank\" rel=\"noreferrer noopener\">PI-Hole<\/a><\/p>\n","protected":false},"excerpt":{"rendered":"<p>En ting er Sikker, man kan ikke blive 100% sikker p\u00e5 nettet, selv om der er mange som gerne vil s\u00e6lge at dette er muligt via software, det er min fagliger overbevisning at man som udgangspunkt er usikker p\u00e5 nettet, derfor g\u00f8r jeg heller ikke noget vild fagligt for at sikre mine b\u00f8rn, udover opfordre &hellip; <\/p>\n<p class=\"link-more\"><a href=\"https:\/\/www.lbox.dk\/index.php\/sikker-pa-nettet\/\" class=\"more-link\">Continue reading<span class=\"screen-reader-text\"> &#8220;Sikker p\u00e5 Nettet.&#8221;<\/span><\/a><\/p>\n","protected":false},"author":1,"featured_media":0,"parent":0,"menu_order":0,"comment_status":"closed","ping_status":"closed","template":"","meta":{"footnotes":""},"class_list":["post-276","page","type-page","status-publish","hentry","entry"],"_links":{"self":[{"href":"https:\/\/www.lbox.dk\/index.php\/wp-json\/wp\/v2\/pages\/276","targetHints":{"allow":["GET"]}}],"collection":[{"href":"https:\/\/www.lbox.dk\/index.php\/wp-json\/wp\/v2\/pages"}],"about":[{"href":"https:\/\/www.lbox.dk\/index.php\/wp-json\/wp\/v2\/types\/page"}],"author":[{"embeddable":true,"href":"https:\/\/www.lbox.dk\/index.php\/wp-json\/wp\/v2\/users\/1"}],"replies":[{"embeddable":true,"href":"https:\/\/www.lbox.dk\/index.php\/wp-json\/wp\/v2\/comments?post=276"}],"version-history":[{"count":8,"href":"https:\/\/www.lbox.dk\/index.php\/wp-json\/wp\/v2\/pages\/276\/revisions"}],"predecessor-version":[{"id":284,"href":"https:\/\/www.lbox.dk\/index.php\/wp-json\/wp\/v2\/pages\/276\/revisions\/284"}],"wp:attachment":[{"href":"https:\/\/www.lbox.dk\/index.php\/wp-json\/wp\/v2\/media?parent=276"}],"curies":[{"name":"wp","href":"https:\/\/api.w.org\/{rel}","templated":true}]}}