{"id":264,"date":"2022-02-05T10:36:18","date_gmt":"2022-02-05T10:36:18","guid":{"rendered":"https:\/\/www.lbox.dk\/?page_id=264"},"modified":"2022-02-05T10:36:18","modified_gmt":"2022-02-05T10:36:18","slug":"youtuber-leg","status":"publish","type":"page","link":"https:\/\/www.lbox.dk\/index.php\/youtuber-leg\/","title":{"rendered":"YouTuber &#8211; leg"},"content":{"rendered":"\n<p>Ingen tvivl herhjemme at YouTuber idag har samme status som musik og film stjerner havde da jeg selv var barn i 80&#8217;ne, hvilket betyder at vores b\u00f8rn spejler sig i dem og derfor ogs\u00e5 leger &#8220;YouTuber&#8221;.<\/p>\n\n\n\n<p>Herhjemme har vi 2 former for YouTube leg.<\/p>\n\n\n\n<p>Den yngste, hvor man sidder og optager med sin for\u00e6ldre gamle aflagte mobil telefon, det man spiller p\u00e5 sin ipad, <strong>videoen <\/strong>kommer <strong>aldrig <\/strong>online nogle steder, men det er en god leg, eventuelt har man en ven med via discord eller facetime og for\u00e6ldre i den anden ende er naturligvis ogs\u00e5 bevist om at der k\u00f8re en &#8220;optagelse&#8221;.<\/p>\n\n\n\n<p>Den \u00e6ldste, hvor man sidder og optager det man spiller med OBS studio, herhjemme er krav om at der ikke m\u00e5 v\u00e6re webcam med i spillet, selv om det er en mulighed.<br>Produktet \/ videoen sendes derefter til Review ved for\u00e6ldre, f\u00f8r de m\u00e5 frigives p\u00e5 youtube, og ja. der kommer sm\u00e5 <strong>videoer <\/strong>online p\u00e5 <strong>youtube<\/strong>.<br>Dog er det en YouTube kanal vi som voksen har oprettet, hellere at vi selv har opsat denne og derfor er i en form for kontrol, end at det sker over ved en ven eller i uvidenhed, det tager ikke en 10&#8217;\u00e5rige mange minutter at lave en konto, der kan uploade til YouTube, hvis man tror det er en hindring&#8230;.<br>Det vigtigt er dog at vi har kunne pr\u00e6ge den \u00e6ldste via vi fra dag 1.  har haft reglen at videoen skal ses igennem af en voksen, f\u00f8r de frigives p\u00e5 youtube&#8230;. og det har faktisk betydet at vi har kunne tage nogle fornuftige snakke om det at producere videoer, hvad der er godt og hvad man skal overveje, hvad konsekvenser af en youtube video kan v\u00e6re, der har v\u00e6ret video&#8217;er som har v\u00e6ret p\u00e5 vej p\u00e5 internettet, der efter lidt alm. fornuft snak, ikke kom p\u00e5 internettet.<br><\/p>\n\n\n\n<p>Til at lave YouTube content finder der faktisk nogle OK gratis produkter.<\/p>\n\n\n\n<p>OBS Studio : <a href=\"https:\/\/obsproject.com\/\" target=\"_blank\" rel=\"noreferrer noopener\">Open Broadcaster Software | OBS (obsproject.com)<\/a><\/p>\n\n\n\n<p>OBS tror jeg lidt er en standard som mange benytter til at optage video, til mange pladforme, det er forholdvis nemt at ops\u00e6tte til at den optager en sk\u00e6rm, dog er det en klar fordel s\u00e5fremt man har 2 sk\u00e6rme tilkoblet den PC, der benyttes til at k\u00f8re optagelsen p\u00e5, man kan dog finde mange gamle 20 -&gt; 24 tommer sk\u00e6rme til f\u00e5 kroner p\u00e5 nettet.<\/p>\n\n\n\n<p>OpenShot Video Editor: <a rel=\"noreferrer noopener\" href=\"https:\/\/www.openshot.org\/\" target=\"_blank\">OpenShot Video Editor <\/a><\/p>\n\n\n\n<p>OpenShot har vores store barn f.eks brugt til at editere 7 videoer optaget via b\u00f8rnenes mobil telefoner fra en skole projekt sammen til en lille film der blev vist i klasse, men naturligvis en mulighed for at klippe intro med mere ind i sine optagelser.<\/p>\n\n\n\n<p>Begge v\u00e6rkt\u00f8jer kan nemt hentes og holdes opdateret via <a rel=\"noreferrer noopener\" href=\"https:\/\/patchmypc.com\/home-updater\" target=\"_blank\">Patch My PC<\/a> blot kig under kategorien Media Tools.<\/p>\n\n\n\n<figure class=\"wp-block-image size-full\"><img loading=\"lazy\" decoding=\"async\" width=\"317\" height=\"533\" src=\"https:\/\/www.lbox.dk\/wp-content\/uploads\/2022\/02\/image.png\" alt=\"\" class=\"wp-image-267\" srcset=\"https:\/\/www.lbox.dk\/wp-content\/uploads\/2022\/02\/image.png 317w, https:\/\/www.lbox.dk\/wp-content\/uploads\/2022\/02\/image-178x300.png 178w\" sizes=\"auto, (max-width: 317px) 100vw, 317px\" \/><\/figure>\n","protected":false},"excerpt":{"rendered":"<p>Ingen tvivl herhjemme at YouTuber idag har samme status som musik og film stjerner havde da jeg selv var barn i 80&#8217;ne, hvilket betyder at vores b\u00f8rn spejler sig i dem og derfor ogs\u00e5 leger &#8220;YouTuber&#8221;. Herhjemme har vi 2 former for YouTube leg. Den yngste, hvor man sidder og optager med sin for\u00e6ldre gamle &hellip; <\/p>\n<p class=\"link-more\"><a href=\"https:\/\/www.lbox.dk\/index.php\/youtuber-leg\/\" class=\"more-link\">Continue reading<span class=\"screen-reader-text\"> &#8220;YouTuber &#8211; leg&#8221;<\/span><\/a><\/p>\n","protected":false},"author":1,"featured_media":0,"parent":0,"menu_order":0,"comment_status":"closed","ping_status":"closed","template":"","meta":{"footnotes":""},"class_list":["post-264","page","type-page","status-publish","hentry","entry"],"_links":{"self":[{"href":"https:\/\/www.lbox.dk\/index.php\/wp-json\/wp\/v2\/pages\/264","targetHints":{"allow":["GET"]}}],"collection":[{"href":"https:\/\/www.lbox.dk\/index.php\/wp-json\/wp\/v2\/pages"}],"about":[{"href":"https:\/\/www.lbox.dk\/index.php\/wp-json\/wp\/v2\/types\/page"}],"author":[{"embeddable":true,"href":"https:\/\/www.lbox.dk\/index.php\/wp-json\/wp\/v2\/users\/1"}],"replies":[{"embeddable":true,"href":"https:\/\/www.lbox.dk\/index.php\/wp-json\/wp\/v2\/comments?post=264"}],"version-history":[{"count":5,"href":"https:\/\/www.lbox.dk\/index.php\/wp-json\/wp\/v2\/pages\/264\/revisions"}],"predecessor-version":[{"id":270,"href":"https:\/\/www.lbox.dk\/index.php\/wp-json\/wp\/v2\/pages\/264\/revisions\/270"}],"wp:attachment":[{"href":"https:\/\/www.lbox.dk\/index.php\/wp-json\/wp\/v2\/media?parent=264"}],"curies":[{"name":"wp","href":"https:\/\/api.w.org\/{rel}","templated":true}]}}