{"id":220,"date":"2021-01-10T08:04:17","date_gmt":"2021-01-10T08:04:17","guid":{"rendered":"http:\/\/www.lbox.dk\/?page_id=220"},"modified":"2021-01-10T08:04:17","modified_gmt":"2021-01-10T08:04:17","slug":"portforward-til-minecraft-server","status":"publish","type":"page","link":"https:\/\/www.lbox.dk\/index.php\/portforward-til-minecraft-server\/","title":{"rendered":"PortForward til MineCraft server"},"content":{"rendered":"\n<p>S\u00e6tter man en lokal Minecraft server op og denne skal tilg\u00e5es fra internettet, som beskrevet under minecraft java og minecraft Pe multiplayer, skal man n\u00e6sten altid lave Port forwardning p\u00e5 sin router, eller ogs\u00e5 kaldt Destination NAT, hvilket betyder at n\u00e5r en ekstern person kontakter Routerens WANIP p\u00e5 en bestemt port, sendes dette trafik videre til en ipaddresse p\u00e5 indersiden p\u00e5 en givende port.<\/p>\n\n\n\n<figure class=\"wp-block-image size-large\"><img loading=\"lazy\" decoding=\"async\" width=\"457\" height=\"469\" src=\"https:\/\/www.lbox.dk\/wp-content\/uploads\/2021\/01\/image-11.png\" alt=\"\" class=\"wp-image-214\" srcset=\"https:\/\/www.lbox.dk\/wp-content\/uploads\/2021\/01\/image-11.png 457w, https:\/\/www.lbox.dk\/wp-content\/uploads\/2021\/01\/image-11-292x300.png 292w\" sizes=\"auto, (max-width: 457px) 100vw, 457px\" \/><\/figure>\n\n\n\n<p>Man skal v\u00e6re opm\u00e6rksom p\u00e5 at der findes forskellige Protekol typer, og at MineCraft PE benytter UDP trafik, hvor MineCraft Java benytter TCP trafik.<\/p>\n\n\n\n<p>Det kan godt v\u00e6re Internet udbyder som g\u00f8r det Umuligt at lave portforward som funger ordenligt, gundet af hvordan deres interne net er opbygget, nogle udbyder skal man tilk\u00f8be &#8220;ekstra&#8221; features f\u00f8r det kommer til at virke, f.eks Fast IP.<br>Ligeledes kan der v\u00e6re stor forskel p\u00e5 hvornemt det er at opst\u00e6tte portforward p\u00e5 forskellige router, i sidste ende, kan det v\u00e6re liges\u00e5 hurtig og nemt at betale for en minecraft server, hos nogle af de leverand\u00f8r som s\u00e6lger dette p\u00e5 internettet, eller selv g\u00e5 ud og k\u00f8be en VPS p\u00e5 nettet og s\u00e6tte dette op, V\u00e6r OBS. p\u00e5 at det ikke er alle VPS levernad\u00f8r som tillader at k\u00f8re minecraft p\u00e5 deres VPS&#8217;er.<\/p>\n","protected":false},"excerpt":{"rendered":"<p>S\u00e6tter man en lokal Minecraft server op og denne skal tilg\u00e5es fra internettet, som beskrevet under minecraft java og minecraft Pe multiplayer, skal man n\u00e6sten altid lave Port forwardning p\u00e5 sin router, eller ogs\u00e5 kaldt Destination NAT, hvilket betyder at n\u00e5r en ekstern person kontakter Routerens WANIP p\u00e5 en bestemt port, sendes dette trafik videre &hellip; <\/p>\n<p class=\"link-more\"><a href=\"https:\/\/www.lbox.dk\/index.php\/portforward-til-minecraft-server\/\" class=\"more-link\">Continue reading<span class=\"screen-reader-text\"> &#8220;PortForward til MineCraft server&#8221;<\/span><\/a><\/p>\n","protected":false},"author":1,"featured_media":0,"parent":0,"menu_order":0,"comment_status":"closed","ping_status":"closed","template":"","meta":{"footnotes":""},"class_list":["post-220","page","type-page","status-publish","hentry","entry"],"_links":{"self":[{"href":"https:\/\/www.lbox.dk\/index.php\/wp-json\/wp\/v2\/pages\/220","targetHints":{"allow":["GET"]}}],"collection":[{"href":"https:\/\/www.lbox.dk\/index.php\/wp-json\/wp\/v2\/pages"}],"about":[{"href":"https:\/\/www.lbox.dk\/index.php\/wp-json\/wp\/v2\/types\/page"}],"author":[{"embeddable":true,"href":"https:\/\/www.lbox.dk\/index.php\/wp-json\/wp\/v2\/users\/1"}],"replies":[{"embeddable":true,"href":"https:\/\/www.lbox.dk\/index.php\/wp-json\/wp\/v2\/comments?post=220"}],"version-history":[{"count":1,"href":"https:\/\/www.lbox.dk\/index.php\/wp-json\/wp\/v2\/pages\/220\/revisions"}],"predecessor-version":[{"id":221,"href":"https:\/\/www.lbox.dk\/index.php\/wp-json\/wp\/v2\/pages\/220\/revisions\/221"}],"wp:attachment":[{"href":"https:\/\/www.lbox.dk\/index.php\/wp-json\/wp\/v2\/media?parent=220"}],"curies":[{"name":"wp","href":"https:\/\/api.w.org\/{rel}","templated":true}]}}