{"id":209,"date":"2021-01-10T07:10:19","date_gmt":"2021-01-10T07:10:19","guid":{"rendered":"http:\/\/www.lbox.dk\/?page_id=209"},"modified":"2021-01-10T07:10:19","modified_gmt":"2021-01-10T07:10:19","slug":"amp-pterodactyl","status":"publish","type":"page","link":"https:\/\/www.lbox.dk\/index.php\/amp-pterodactyl\/","title":{"rendered":"AMP &#8211; Pterodactyl"},"content":{"rendered":"\n<p>Jeg sidder ikke og ops\u00e6tter mine lokale Minecraft server i h\u00e5nden, jeg har Installeret en linux box, med noget software som hedder <a rel=\"noreferrer noopener\" href=\"https:\/\/pterodactyl.io\/\" target=\"_blank\">pterodactyl<\/a> hvilket jeg s\u00e5 benytter til at styre de minecraft server jeg har har brug for, med 2 b\u00f8rn i huset, og et behov for at hurtig kunne lave en ny- server til en ny lege aftale \/ kunne lave og styre backups, ser jeg klart en fordel i at benytte en af de mange Application Management Pladform eller Game Server panel som findes.<\/p>\n\n\n\n<figure class=\"wp-block-image size-large\"><img loading=\"lazy\" decoding=\"async\" width=\"1024\" height=\"248\" src=\"https:\/\/www.lbox.dk\/wp-content\/uploads\/2021\/01\/image-10-1024x248.png\" alt=\"\" class=\"wp-image-210\" srcset=\"https:\/\/www.lbox.dk\/wp-content\/uploads\/2021\/01\/image-10-1024x248.png 1024w, https:\/\/www.lbox.dk\/wp-content\/uploads\/2021\/01\/image-10-300x73.png 300w, https:\/\/www.lbox.dk\/wp-content\/uploads\/2021\/01\/image-10-768x186.png 768w, https:\/\/www.lbox.dk\/wp-content\/uploads\/2021\/01\/image-10-1536x373.png 1536w, https:\/\/www.lbox.dk\/wp-content\/uploads\/2021\/01\/image-10.png 1550w\" sizes=\"auto, (max-width: 1024px) 100vw, 1024px\" \/><\/figure>\n\n\n\n<p>pterodactyl, har ikke verdens bedste installations guide, s\u00e5 det tog mig en formiddag, f\u00f8r det var oppe af k\u00f8re, men nu kan jeg tilg\u00e6ng\u00e6ld lave en minecraft server p\u00e5 5 minutter og min s\u00f8n kan selv starte \/ stoppe \/ genstarte de server jeg laver til ham.<br>pterodactyl kan ogs\u00e5 benyttes til at hoste mange andre former for multiplayer spil, herunder CS:GO og ARK.<\/p>\n\n\n\n<p>Der findes ogs\u00e5 paneler til windows og nogle koster blot 100 kr. for en licens til en maskine, dvs. et nemt sted at spare noget tid, man er naturligvis mere l\u00e5st n\u00e5r man benytter en panel end hvis man selv s\u00e6tter det hele op i h\u00e5nden.<\/p>\n","protected":false},"excerpt":{"rendered":"<p>Jeg sidder ikke og ops\u00e6tter mine lokale Minecraft server i h\u00e5nden, jeg har Installeret en linux box, med noget software som hedder pterodactyl hvilket jeg s\u00e5 benytter til at styre de minecraft server jeg har har brug for, med 2 b\u00f8rn i huset, og et behov for at hurtig kunne lave en ny- server til &hellip; <\/p>\n<p class=\"link-more\"><a href=\"https:\/\/www.lbox.dk\/index.php\/amp-pterodactyl\/\" class=\"more-link\">Continue reading<span class=\"screen-reader-text\"> &#8220;AMP &#8211; Pterodactyl&#8221;<\/span><\/a><\/p>\n","protected":false},"author":1,"featured_media":0,"parent":0,"menu_order":0,"comment_status":"closed","ping_status":"closed","template":"","meta":{"footnotes":""},"class_list":["post-209","page","type-page","status-publish","hentry","entry"],"_links":{"self":[{"href":"https:\/\/www.lbox.dk\/index.php\/wp-json\/wp\/v2\/pages\/209","targetHints":{"allow":["GET"]}}],"collection":[{"href":"https:\/\/www.lbox.dk\/index.php\/wp-json\/wp\/v2\/pages"}],"about":[{"href":"https:\/\/www.lbox.dk\/index.php\/wp-json\/wp\/v2\/types\/page"}],"author":[{"embeddable":true,"href":"https:\/\/www.lbox.dk\/index.php\/wp-json\/wp\/v2\/users\/1"}],"replies":[{"embeddable":true,"href":"https:\/\/www.lbox.dk\/index.php\/wp-json\/wp\/v2\/comments?post=209"}],"version-history":[{"count":1,"href":"https:\/\/www.lbox.dk\/index.php\/wp-json\/wp\/v2\/pages\/209\/revisions"}],"predecessor-version":[{"id":211,"href":"https:\/\/www.lbox.dk\/index.php\/wp-json\/wp\/v2\/pages\/209\/revisions\/211"}],"wp:attachment":[{"href":"https:\/\/www.lbox.dk\/index.php\/wp-json\/wp\/v2\/media?parent=209"}],"curies":[{"name":"wp","href":"https:\/\/api.w.org\/{rel}","templated":true}]}}