{"id":205,"date":"2021-01-10T06:56:45","date_gmt":"2021-01-10T06:56:45","guid":{"rendered":"http:\/\/www.lbox.dk\/?page_id=205"},"modified":"2021-01-15T06:26:13","modified_gmt":"2021-01-15T06:26:13","slug":"minecraft-pe-fra-windows-appstore","status":"publish","type":"page","link":"https:\/\/www.lbox.dk\/index.php\/minecraft-pe-fra-windows-appstore\/","title":{"rendered":"MineCraft &#8220;PE&#8221; Fra Windows appstore."},"content":{"rendered":"\n<p>I windows 10 appstore, findes der ogs\u00e5 minecraft, dette er IKKE minecraft java, men en version som er kompertible med Minecraft PE i f\u00f8lge denne <a rel=\"noreferrer noopener\" href=\"https:\/\/www.minecraft.net\/content\/dam\/minecraft\/pdf\/accordion_pdf_v1\/en-us\/StorePlatformCompareGrid_en-us.pdf\" target=\"_blank\">PDF<\/a> fra Minecrafts hjemmeside.<\/p>\n\n\n\n<figure class=\"wp-block-image size-large\"><img loading=\"lazy\" decoding=\"async\" width=\"1024\" height=\"797\" src=\"https:\/\/www.lbox.dk\/wp-content\/uploads\/2021\/01\/image-9-1024x797.png\" alt=\"\" class=\"wp-image-206\" srcset=\"https:\/\/www.lbox.dk\/wp-content\/uploads\/2021\/01\/image-9-1024x797.png 1024w, https:\/\/www.lbox.dk\/wp-content\/uploads\/2021\/01\/image-9-300x234.png 300w, https:\/\/www.lbox.dk\/wp-content\/uploads\/2021\/01\/image-9-768x598.png 768w, https:\/\/www.lbox.dk\/wp-content\/uploads\/2021\/01\/image-9.png 1103w\" sizes=\"auto, (max-width: 1024px) 100vw, 1024px\" \/><\/figure>\n\n\n\n<p>Hvis man g\u00e5r ind under Windows 10 starter pakken, kan man v\u00e6lge en Free Trail af Minecraft, Denne underst\u00f8tter dog IKKE multiplayer, f\u00f8r man har k\u00f8bt den fulde version.<br>s\u00e5 jeg har ikke testet det endnu.<\/p>\n\n\n\n<figure class=\"wp-block-image size-large\"><img loading=\"lazy\" decoding=\"async\" width=\"1024\" height=\"793\" src=\"https:\/\/www.lbox.dk\/wp-content\/uploads\/2021\/01\/minecraft_appstore-1024x793.png\" alt=\"\" class=\"wp-image-235\" srcset=\"https:\/\/www.lbox.dk\/wp-content\/uploads\/2021\/01\/minecraft_appstore-1024x793.png 1024w, https:\/\/www.lbox.dk\/wp-content\/uploads\/2021\/01\/minecraft_appstore-300x232.png 300w, https:\/\/www.lbox.dk\/wp-content\/uploads\/2021\/01\/minecraft_appstore-768x595.png 768w, https:\/\/www.lbox.dk\/wp-content\/uploads\/2021\/01\/minecraft_appstore.png 1196w\" sizes=\"auto, (max-width: 1024px) 100vw, 1024px\" \/><\/figure>\n\n\n\n<p><br><\/p>\n","protected":false},"excerpt":{"rendered":"<p>I windows 10 appstore, findes der ogs\u00e5 minecraft, dette er IKKE minecraft java, men en version som er kompertible med Minecraft PE i f\u00f8lge denne PDF fra Minecrafts hjemmeside. Hvis man g\u00e5r ind under Windows 10 starter pakken, kan man v\u00e6lge en Free Trail af Minecraft, Denne underst\u00f8tter dog IKKE multiplayer, f\u00f8r man har k\u00f8bt &hellip; <\/p>\n<p class=\"link-more\"><a href=\"https:\/\/www.lbox.dk\/index.php\/minecraft-pe-fra-windows-appstore\/\" class=\"more-link\">Continue reading<span class=\"screen-reader-text\"> &#8220;MineCraft &#8220;PE&#8221; Fra Windows appstore.&#8221;<\/span><\/a><\/p>\n","protected":false},"author":1,"featured_media":0,"parent":0,"menu_order":0,"comment_status":"closed","ping_status":"closed","template":"","meta":{"footnotes":""},"class_list":["post-205","page","type-page","status-publish","hentry","entry"],"_links":{"self":[{"href":"https:\/\/www.lbox.dk\/index.php\/wp-json\/wp\/v2\/pages\/205","targetHints":{"allow":["GET"]}}],"collection":[{"href":"https:\/\/www.lbox.dk\/index.php\/wp-json\/wp\/v2\/pages"}],"about":[{"href":"https:\/\/www.lbox.dk\/index.php\/wp-json\/wp\/v2\/types\/page"}],"author":[{"embeddable":true,"href":"https:\/\/www.lbox.dk\/index.php\/wp-json\/wp\/v2\/users\/1"}],"replies":[{"embeddable":true,"href":"https:\/\/www.lbox.dk\/index.php\/wp-json\/wp\/v2\/comments?post=205"}],"version-history":[{"count":4,"href":"https:\/\/www.lbox.dk\/index.php\/wp-json\/wp\/v2\/pages\/205\/revisions"}],"predecessor-version":[{"id":237,"href":"https:\/\/www.lbox.dk\/index.php\/wp-json\/wp\/v2\/pages\/205\/revisions\/237"}],"wp:attachment":[{"href":"https:\/\/www.lbox.dk\/index.php\/wp-json\/wp\/v2\/media?parent=205"}],"curies":[{"name":"wp","href":"https:\/\/api.w.org\/{rel}","templated":true}]}}