{"id":138,"date":"2021-01-04T19:33:29","date_gmt":"2021-01-04T19:33:29","guid":{"rendered":"http:\/\/www.lbox.dk\/?page_id=138"},"modified":"2021-01-06T05:37:32","modified_gmt":"2021-01-06T05:37:32","slug":"connect-to-old-server","status":"publish","type":"page","link":"https:\/\/www.lbox.dk\/index.php\/connect-to-old-server\/","title":{"rendered":"Connect to old server"},"content":{"rendered":"\n<p>Nogle gange vil man gerne kunne k\u00f8re en gammel version af minecraft, oftes for at kunne forbinde til en minecraft server, der ikke er kompatible med de nyeste versioner.<\/p>\n\n\n\n<p>Det f\u00f8rst man skal er at skaffe information om hvilken version man skal benytte for at tilg\u00e5 serverne.<br>jeg har f.eks via et \u00e6ldre forum indl\u00e6g l\u00e6st at version 1.12.2 virker til de 2 danske minecraft server <a rel=\"noreferrer noopener\" href=\"https:\/\/www.freakyville.net\/\" target=\"_blank\">freakyville.net<\/a> og Triergaming&#8217;s <a rel=\"noreferrer noopener\" href=\"http:\/\/mecraft.dk\/multicraft\/index.php?r=server\/view&amp;id=8148\" target=\"_blank\">MEcraft.dk<\/a> minecraft serveren, derfor vil jeg gerne tilf\u00f8je en minecraft version 2.12.2 p\u00e5 min computer. det g\u00f8res i minecraft launceren under fanen Installations.<\/p>\n\n\n\n<figure class=\"wp-block-image size-large\"><img loading=\"lazy\" decoding=\"async\" width=\"1024\" height=\"660\" src=\"https:\/\/www.lbox.dk\/wp-content\/uploads\/2021\/01\/java-gamle-versioner-1024x660.png\" alt=\"\" class=\"wp-image-140\" srcset=\"https:\/\/www.lbox.dk\/wp-content\/uploads\/2021\/01\/java-gamle-versioner-1024x660.png 1024w, https:\/\/www.lbox.dk\/wp-content\/uploads\/2021\/01\/java-gamle-versioner-300x193.png 300w, https:\/\/www.lbox.dk\/wp-content\/uploads\/2021\/01\/java-gamle-versioner-768x495.png 768w, https:\/\/www.lbox.dk\/wp-content\/uploads\/2021\/01\/java-gamle-versioner.png 1119w\" sizes=\"auto, (max-width: 1024px) 100vw, 1024px\" \/><\/figure>\n\n\n\n<p>N\u00e5r man klikke p\u00e5 New.. kommer nedest\u00e5ende dialog frem, hvor man skal give den nye installation et Navn og derefter skal man v\u00e6lge hvilken installation man \u00f8nsker at hente.<\/p>\n\n\n\n<figure class=\"wp-block-image size-large\"><img loading=\"lazy\" decoding=\"async\" width=\"1024\" height=\"663\" src=\"https:\/\/www.lbox.dk\/wp-content\/uploads\/2021\/01\/java-gamle-versioner-1-1024x663.png\" alt=\"\" class=\"wp-image-141\" srcset=\"https:\/\/www.lbox.dk\/wp-content\/uploads\/2021\/01\/java-gamle-versioner-1-1024x663.png 1024w, https:\/\/www.lbox.dk\/wp-content\/uploads\/2021\/01\/java-gamle-versioner-1-300x194.png 300w, https:\/\/www.lbox.dk\/wp-content\/uploads\/2021\/01\/java-gamle-versioner-1-768x498.png 768w, https:\/\/www.lbox.dk\/wp-content\/uploads\/2021\/01\/java-gamle-versioner-1.png 1119w\" sizes=\"auto, (max-width: 1024px) 100vw, 1024px\" \/><\/figure>\n\n\n\n<p>jeg v\u00e6lger release 1.12.2 og giver den et navn, hvorefter jeg trykker p\u00e5 Create.<br>Bonus, skal man benytte en \u00e6ldre version af minecraft server, kan man blot v\u00e6lge versionen i linjen og klikke p\u00e5 &#8220;Server&#8221; pilen, s\u00e5 vil minecraft server blive hentet ned.<\/p>\n\n\n\n<figure class=\"wp-block-image size-large\"><img loading=\"lazy\" decoding=\"async\" width=\"1024\" height=\"660\" src=\"https:\/\/www.lbox.dk\/wp-content\/uploads\/2021\/01\/java-gamle-versioner-1.12.2-1024x660.png\" alt=\"\" class=\"wp-image-142\" srcset=\"https:\/\/www.lbox.dk\/wp-content\/uploads\/2021\/01\/java-gamle-versioner-1.12.2-1024x660.png 1024w, https:\/\/www.lbox.dk\/wp-content\/uploads\/2021\/01\/java-gamle-versioner-1.12.2-300x193.png 300w, https:\/\/www.lbox.dk\/wp-content\/uploads\/2021\/01\/java-gamle-versioner-1.12.2-768x495.png 768w, https:\/\/www.lbox.dk\/wp-content\/uploads\/2021\/01\/java-gamle-versioner-1.12.2.png 1119w\" sizes=\"auto, (max-width: 1024px) 100vw, 1024px\" \/><\/figure>\n\n\n\n<p>Efter at installeren er hentet ned lokalt er det nu mulig at v\u00e6lge at spille minecraft 1.12.2 ved at klikke p\u00e5 play<\/p>\n\n\n\n<figure class=\"wp-block-image size-large\"><img loading=\"lazy\" decoding=\"async\" width=\"1024\" height=\"658\" src=\"https:\/\/www.lbox.dk\/wp-content\/uploads\/2021\/01\/java-gamle-versioner-1.12.2-1-1-1024x658.png\" alt=\"\" class=\"wp-image-143\" srcset=\"https:\/\/www.lbox.dk\/wp-content\/uploads\/2021\/01\/java-gamle-versioner-1.12.2-1-1-1024x658.png 1024w, https:\/\/www.lbox.dk\/wp-content\/uploads\/2021\/01\/java-gamle-versioner-1.12.2-1-1-300x193.png 300w, https:\/\/www.lbox.dk\/wp-content\/uploads\/2021\/01\/java-gamle-versioner-1.12.2-1-1-768x494.png 768w, https:\/\/www.lbox.dk\/wp-content\/uploads\/2021\/01\/java-gamle-versioner-1.12.2-1-1.png 1117w\" sizes=\"auto, (max-width: 1024px) 100vw, 1024px\" \/><\/figure>\n\n\n\n<p>Efter lidt tid ser Minecraft s\u00e5dan ud.<\/p>\n\n\n\n<figure class=\"wp-block-image size-large\"><img loading=\"lazy\" decoding=\"async\" width=\"864\" height=\"519\" src=\"https:\/\/www.lbox.dk\/wp-content\/uploads\/2021\/01\/java-gamle-versioner-1.12.2-2.png\" alt=\"\" class=\"wp-image-145\" srcset=\"https:\/\/www.lbox.dk\/wp-content\/uploads\/2021\/01\/java-gamle-versioner-1.12.2-2.png 864w, https:\/\/www.lbox.dk\/wp-content\/uploads\/2021\/01\/java-gamle-versioner-1.12.2-2-300x180.png 300w, https:\/\/www.lbox.dk\/wp-content\/uploads\/2021\/01\/java-gamle-versioner-1.12.2-2-768x461.png 768w\" sizes=\"auto, (max-width: 864px) 100vw, 864px\" \/><\/figure>\n\n\n\n<p>Klik p\u00e5 Multiplayer<\/p>\n\n\n\n<figure class=\"wp-block-image size-large\"><img loading=\"lazy\" decoding=\"async\" width=\"861\" height=\"515\" src=\"https:\/\/www.lbox.dk\/wp-content\/uploads\/2021\/01\/java-gamle-versioner-1.12.2-3.png\" alt=\"\" class=\"wp-image-146\" srcset=\"https:\/\/www.lbox.dk\/wp-content\/uploads\/2021\/01\/java-gamle-versioner-1.12.2-3.png 861w, https:\/\/www.lbox.dk\/wp-content\/uploads\/2021\/01\/java-gamle-versioner-1.12.2-3-300x179.png 300w, https:\/\/www.lbox.dk\/wp-content\/uploads\/2021\/01\/java-gamle-versioner-1.12.2-3-768x459.png 768w\" sizes=\"auto, (max-width: 861px) 100vw, 861px\" \/><\/figure>\n\n\n\n<p>Add server, og man kan f.eks. tilf\u00f8je Triergamines server Mecraft.dk<\/p>\n\n\n\n<figure class=\"wp-block-image size-large\"><img loading=\"lazy\" decoding=\"async\" width=\"859\" height=\"513\" src=\"https:\/\/www.lbox.dk\/wp-content\/uploads\/2021\/01\/java-gamle-versioner-1.12.2-4.png\" alt=\"\" class=\"wp-image-147\" srcset=\"https:\/\/www.lbox.dk\/wp-content\/uploads\/2021\/01\/java-gamle-versioner-1.12.2-4.png 859w, https:\/\/www.lbox.dk\/wp-content\/uploads\/2021\/01\/java-gamle-versioner-1.12.2-4-300x179.png 300w, https:\/\/www.lbox.dk\/wp-content\/uploads\/2021\/01\/java-gamle-versioner-1.12.2-4-768x459.png 768w\" sizes=\"auto, (max-width: 859px) 100vw, 859px\" \/><\/figure>\n\n\n\n<p>Klik p\u00e5 done og derefter Refresh for at f\u00e5 det frem i Multiplayer menuen.<\/p>\n\n\n\n<figure class=\"wp-block-image size-large\"><img loading=\"lazy\" decoding=\"async\" width=\"859\" height=\"513\" src=\"https:\/\/www.lbox.dk\/wp-content\/uploads\/2021\/01\/java-gamle-versioner-1.12.2-5.png\" alt=\"\" class=\"wp-image-149\" srcset=\"https:\/\/www.lbox.dk\/wp-content\/uploads\/2021\/01\/java-gamle-versioner-1.12.2-5.png 859w, https:\/\/www.lbox.dk\/wp-content\/uploads\/2021\/01\/java-gamle-versioner-1.12.2-5-300x179.png 300w, https:\/\/www.lbox.dk\/wp-content\/uploads\/2021\/01\/java-gamle-versioner-1.12.2-5-768x459.png 768w\" sizes=\"auto, (max-width: 859px) 100vw, 859px\" \/><\/figure>\n\n\n\n<p>Freakyville kan tilf\u00f8jes p\u00e5 samme m\u00e5de<\/p>\n\n\n\n<figure class=\"wp-block-image size-large\"><img loading=\"lazy\" decoding=\"async\" width=\"859\" height=\"513\" src=\"https:\/\/www.lbox.dk\/wp-content\/uploads\/2021\/01\/java-gamle-versioner-1.12.2-6.png\" alt=\"\" class=\"wp-image-150\" srcset=\"https:\/\/www.lbox.dk\/wp-content\/uploads\/2021\/01\/java-gamle-versioner-1.12.2-6.png 859w, https:\/\/www.lbox.dk\/wp-content\/uploads\/2021\/01\/java-gamle-versioner-1.12.2-6-300x179.png 300w, https:\/\/www.lbox.dk\/wp-content\/uploads\/2021\/01\/java-gamle-versioner-1.12.2-6-768x459.png 768w\" sizes=\"auto, (max-width: 859px) 100vw, 859px\" \/><\/figure>\n\n\n\n<p>Klik done og refresh<\/p>\n\n\n\n<figure class=\"wp-block-image size-large\"><img loading=\"lazy\" decoding=\"async\" width=\"861\" height=\"515\" src=\"https:\/\/www.lbox.dk\/wp-content\/uploads\/2021\/01\/java-gamle-versioner-1.12.2-7.png\" alt=\"\" class=\"wp-image-151\" srcset=\"https:\/\/www.lbox.dk\/wp-content\/uploads\/2021\/01\/java-gamle-versioner-1.12.2-7.png 861w, https:\/\/www.lbox.dk\/wp-content\/uploads\/2021\/01\/java-gamle-versioner-1.12.2-7-300x179.png 300w, https:\/\/www.lbox.dk\/wp-content\/uploads\/2021\/01\/java-gamle-versioner-1.12.2-7-768x459.png 768w\" sizes=\"auto, (max-width: 861px) 100vw, 861px\" \/><\/figure>\n\n\n\n<p>Hvis man har tilf\u00f8jet nyere servern til multiplayer, vil man kunne se at disse ikke er muligt at forbinde til.<\/p>\n\n\n\n<figure class=\"wp-block-image size-large\"><img loading=\"lazy\" decoding=\"async\" width=\"858\" height=\"513\" src=\"https:\/\/www.lbox.dk\/wp-content\/uploads\/2021\/01\/java-gamle-versioner-1.12.2-8.png\" alt=\"\" class=\"wp-image-152\" srcset=\"https:\/\/www.lbox.dk\/wp-content\/uploads\/2021\/01\/java-gamle-versioner-1.12.2-8.png 858w, https:\/\/www.lbox.dk\/wp-content\/uploads\/2021\/01\/java-gamle-versioner-1.12.2-8-300x179.png 300w, https:\/\/www.lbox.dk\/wp-content\/uploads\/2021\/01\/java-gamle-versioner-1.12.2-8-768x459.png 768w\" sizes=\"auto, (max-width: 858px) 100vw, 858px\" \/><\/figure>\n\n\n\n<p>I mine to ovenst\u00e5ende eksempler der k\u00f8re minecraft p\u00e5 dens default port, men skulle man forbinde til en af mine server ville man skulle bruge mc.lbox.dk:900, hvor det sidste definere server porten som minecraft k\u00f8re p\u00e5.<\/p>\n","protected":false},"excerpt":{"rendered":"<p>Nogle gange vil man gerne kunne k\u00f8re en gammel version af minecraft, oftes for at kunne forbinde til en minecraft server, der ikke er kompatible med de nyeste versioner. Det f\u00f8rst man skal er at skaffe information om hvilken version man skal benytte for at tilg\u00e5 serverne.jeg har f.eks via et \u00e6ldre forum indl\u00e6g l\u00e6st &hellip; <\/p>\n<p class=\"link-more\"><a href=\"https:\/\/www.lbox.dk\/index.php\/connect-to-old-server\/\" class=\"more-link\">Continue reading<span class=\"screen-reader-text\"> &#8220;Connect to old server&#8221;<\/span><\/a><\/p>\n","protected":false},"author":1,"featured_media":0,"parent":0,"menu_order":0,"comment_status":"closed","ping_status":"closed","template":"","meta":{"footnotes":""},"class_list":["post-138","page","type-page","status-publish","hentry","entry"],"_links":{"self":[{"href":"https:\/\/www.lbox.dk\/index.php\/wp-json\/wp\/v2\/pages\/138","targetHints":{"allow":["GET"]}}],"collection":[{"href":"https:\/\/www.lbox.dk\/index.php\/wp-json\/wp\/v2\/pages"}],"about":[{"href":"https:\/\/www.lbox.dk\/index.php\/wp-json\/wp\/v2\/types\/page"}],"author":[{"embeddable":true,"href":"https:\/\/www.lbox.dk\/index.php\/wp-json\/wp\/v2\/users\/1"}],"replies":[{"embeddable":true,"href":"https:\/\/www.lbox.dk\/index.php\/wp-json\/wp\/v2\/comments?post=138"}],"version-history":[{"count":5,"href":"https:\/\/www.lbox.dk\/index.php\/wp-json\/wp\/v2\/pages\/138\/revisions"}],"predecessor-version":[{"id":172,"href":"https:\/\/www.lbox.dk\/index.php\/wp-json\/wp\/v2\/pages\/138\/revisions\/172"}],"wp:attachment":[{"href":"https:\/\/www.lbox.dk\/index.php\/wp-json\/wp\/v2\/media?parent=138"}],"curies":[{"name":"wp","href":"https:\/\/api.w.org\/{rel}","templated":true}]}}