{"id":127,"date":"2021-01-04T17:48:32","date_gmt":"2021-01-04T17:48:32","guid":{"rendered":"http:\/\/www.lbox.dk\/?page_id=127"},"modified":"2021-01-04T20:02:13","modified_gmt":"2021-01-04T20:02:13","slug":"dansk-minecraft-pa-nettet","status":"publish","type":"page","link":"https:\/\/www.lbox.dk\/index.php\/dansk-minecraft-pa-nettet\/","title":{"rendered":"Dansk MineCraft p\u00e5 nettet"},"content":{"rendered":"\n<p>Der er en del danske youtuber som laver videoer om minecraft, nogle er godt, nogle er super, og andre er blot, men det kan v\u00e6re god inspiration og for nogle ogs\u00e5 en metode at l\u00e6re minecraft p\u00e5.<\/p>\n\n\n\n<p><a rel=\"noreferrer noopener\" href=\"https:\/\/www.youtube.com\/c\/TrierGaming\/channels\" target=\"_blank\">TrierGaming <\/a>er et sted at starte, <a rel=\"noreferrer noopener\" href=\"https:\/\/matrieux.dk\/\" target=\"_blank\">Matrieux <\/a>som er en st\u00f8rre gruppe danske youtuber, der f.eks er incl. DenMandligeElg, Versinger, Comkean, Grib, Zagi &#8211; &#8211; der er en helt skov af steder at f\u00e5 inspiration, de laver naturligvis ogs\u00e5 videoer om andet end Minecraft.<\/p>\n\n\n\n<p><\/p>\n","protected":false},"excerpt":{"rendered":"<p>Der er en del danske youtuber som laver videoer om minecraft, nogle er godt, nogle er super, og andre er blot, men det kan v\u00e6re god inspiration og for nogle ogs\u00e5 en metode at l\u00e6re minecraft p\u00e5. TrierGaming er et sted at starte, Matrieux som er en st\u00f8rre gruppe danske youtuber, der f.eks er incl. &hellip; <\/p>\n<p class=\"link-more\"><a href=\"https:\/\/www.lbox.dk\/index.php\/dansk-minecraft-pa-nettet\/\" class=\"more-link\">Continue reading<span class=\"screen-reader-text\"> &#8220;Dansk MineCraft p\u00e5 nettet&#8221;<\/span><\/a><\/p>\n","protected":false},"author":1,"featured_media":0,"parent":0,"menu_order":0,"comment_status":"closed","ping_status":"closed","template":"","meta":{"footnotes":""},"class_list":["post-127","page","type-page","status-publish","hentry","entry"],"_links":{"self":[{"href":"https:\/\/www.lbox.dk\/index.php\/wp-json\/wp\/v2\/pages\/127","targetHints":{"allow":["GET"]}}],"collection":[{"href":"https:\/\/www.lbox.dk\/index.php\/wp-json\/wp\/v2\/pages"}],"about":[{"href":"https:\/\/www.lbox.dk\/index.php\/wp-json\/wp\/v2\/types\/page"}],"author":[{"embeddable":true,"href":"https:\/\/www.lbox.dk\/index.php\/wp-json\/wp\/v2\/users\/1"}],"replies":[{"embeddable":true,"href":"https:\/\/www.lbox.dk\/index.php\/wp-json\/wp\/v2\/comments?post=127"}],"version-history":[{"count":2,"href":"https:\/\/www.lbox.dk\/index.php\/wp-json\/wp\/v2\/pages\/127\/revisions"}],"predecessor-version":[{"id":159,"href":"https:\/\/www.lbox.dk\/index.php\/wp-json\/wp\/v2\/pages\/127\/revisions\/159"}],"wp:attachment":[{"href":"https:\/\/www.lbox.dk\/index.php\/wp-json\/wp\/v2\/media?parent=127"}],"curies":[{"name":"wp","href":"https:\/\/api.w.org\/{rel}","templated":true}]}}